{"id":811,"date":"2021-07-22T12:33:51","date_gmt":"2021-07-22T12:33:51","guid":{"rendered":"http:\/\/134.96.72.80\/?page_id=811"},"modified":"2022-09-22T08:44:10","modified_gmt":"2022-09-22T08:44:10","slug":"dfki","status":"publish","type":"page","link":"https:\/\/bpm.dfki.de\/kosmox\/konsortium\/dfki\/","title":{"rendered":"Konsortium: DFKI"},"content":{"rendered":"\t\t<div data-elementor-type=\"wp-page\" data-elementor-id=\"811\" class=\"elementor elementor-811\">\n\t\t\t\t\t\t<section class=\"elementor-section elementor-top-section elementor-element elementor-element-5eb0b10 elementor-section-boxed elementor-section-height-default elementor-section-height-default\" data-id=\"5eb0b10\" data-element_type=\"section\" data-e-type=\"section\">\n\t\t\t\t\t\t<div class=\"elementor-container elementor-column-gap-default\">\n\t\t\t\t\t<div class=\"elementor-column elementor-col-100 elementor-top-column elementor-element elementor-element-244ad4a\" data-id=\"244ad4a\" data-element_type=\"column\" data-e-type=\"column\">\n\t\t\t<div class=\"elementor-widget-wrap elementor-element-populated\">\n\t\t\t\t\t\t<div class=\"elementor-element elementor-element-4a4bef8 elementor-widget elementor-widget-image\" data-id=\"4a4bef8\" data-element_type=\"widget\" data-e-type=\"widget\" data-widget_type=\"image.default\">\n\t\t\t\t<div class=\"elementor-widget-container\">\n\t\t\t\t\t\t\t\t\t\t\t\t\t\t\t\t<a href=\"http:\/\/www.dfki.de\" target=\"_blank\" rel=\"noopener\">\n\t\t\t\t\t\t\t<img decoding=\"async\" width=\"301\" height=\"125\" src=\"https:\/\/bpm.dfki.de\/kosmox\/wp-content\/uploads\/sites\/2\/2021\/07\/DFKI.png\" class=\"attachment-full size-full wp-image-482\" alt=\"DFKI-Logo\" \/>\t\t\t\t\t\t\t\t<\/a>\n\t\t\t\t\t\t\t\t\t\t\t\t\t\t\t<\/div>\n\t\t\t\t<\/div>\n\t\t\t\t<div class=\"elementor-element elementor-element-7050e26 elementor-widget elementor-widget-spacer\" data-id=\"7050e26\" data-element_type=\"widget\" data-e-type=\"widget\" data-widget_type=\"spacer.default\">\n\t\t\t\t<div class=\"elementor-widget-container\">\n\t\t\t\t\t\t\t<div class=\"elementor-spacer\">\n\t\t\t<div class=\"elementor-spacer-inner\"><\/div>\n\t\t<\/div>\n\t\t\t\t\t\t<\/div>\n\t\t\t\t<\/div>\n\t\t\t\t<div class=\"elementor-element elementor-element-1df4b56 elementor-widget elementor-widget-heading\" data-id=\"1df4b56\" data-element_type=\"widget\" data-e-type=\"widget\" data-widget_type=\"heading.default\">\n\t\t\t\t<div class=\"elementor-widget-container\">\n\t\t\t\t\t<h2 class=\"elementor-heading-title elementor-size-default\">Unsere Aufgaben im Projekt:<\/h2>\t\t\t\t<\/div>\n\t\t\t\t<\/div>\n\t\t\t\t<div class=\"elementor-element elementor-element-94596af elementor-widget elementor-widget-text-editor\" data-id=\"94596af\" data-element_type=\"widget\" data-e-type=\"widget\" data-widget_type=\"text-editor.default\">\n\t\t\t\t<div class=\"elementor-widget-container\">\n\t\t\t\t\t\t\t\t\t<ul><li style=\"text-align: justify;\">Koordination<\/li><li style=\"text-align: justify;\">Entwicklung der Erkl\u00e4rungsmethoden, Entwicklung der Erkl\u00e4rungsschnittstellen unter Ber\u00fccksichtigung kognitiver Aspekte<\/li><li style=\"text-align: justify;\">Systemintegration<\/li><li style=\"text-align: justify;\">Entwicklung der Evaluationsmechanismen<\/li><\/ul>\t\t\t\t\t\t\t\t<\/div>\n\t\t\t\t<\/div>\n\t\t\t\t<div class=\"elementor-element elementor-element-3a81988 elementor-widget elementor-widget-heading\" data-id=\"3a81988\" data-element_type=\"widget\" data-e-type=\"widget\" data-widget_type=\"heading.default\">\n\t\t\t\t<div class=\"elementor-widget-container\">\n\t\t\t\t\t<h2 class=\"elementor-heading-title elementor-size-default\">Das DFKI:<\/h2>\t\t\t\t<\/div>\n\t\t\t\t<\/div>\n\t\t\t\t<div class=\"elementor-element elementor-element-1f8617b elementor-widget elementor-widget-text-editor\" data-id=\"1f8617b\" data-element_type=\"widget\" data-e-type=\"widget\" data-widget_type=\"text-editor.default\">\n\t\t\t\t<div class=\"elementor-widget-container\">\n\t\t\t\t\t\t\t\t\t<p align=\"justify\">Das Deutsche Forschungszentrum f\u00fcr K\u00fcnstliche Intelligenz GmbH (DFKI), mit derzeit \u00fcber 1000 Mitarbeitern und f\u00fcnf Standorten, ist auf dem Gebiet innovativer Softwaretechnologien die f\u00fchrende Forschungseinrichtung in Deutschland. In der internationalen Wissenschaftswelt z\u00e4hlt das DFKI zu den wichtigsten Exzellenzzentren und ist derzeit, gemessen an Mitarbeiterzahl und Drittmittelvolumen, das weltweit gr\u00f6\u00dfte Forschungszentrum auf dem Gebiet der K\u00fcnstlichen Intelligenz und deren Anwendungen. Als gemeinn\u00fctzige Public-Private-Partnership setzt das DFKI Spitzenforschung zusammen mit seinen Industriegesellschaftern rasch in praxisrelevante Anwendungsl\u00f6sungen um. In achtzehn Forschungsbereichen und Forschungsgruppen, acht Kompe\u00adtenz\u00adzentren und sieben Living Labs werden ausgehend von anwendungsorientierter Grundlagenforschung Produktfunktionen, Prototypen und patentf\u00e4hige L\u00f6sungen im Bereich der Informations- und Kommunikationstechnologie entwickelt.<\/p>\t\t\t\t\t\t\t\t<\/div>\n\t\t\t\t<\/div>\n\t\t\t\t<div class=\"elementor-element elementor-element-4771439 elementor-widget elementor-widget-heading\" data-id=\"4771439\" data-element_type=\"widget\" data-e-type=\"widget\" data-widget_type=\"heading.default\">\n\t\t\t\t<div class=\"elementor-widget-container\">\n\t\t\t\t\t<h2 class=\"elementor-heading-title elementor-size-default\">Das IWi:<\/h2>\t\t\t\t<\/div>\n\t\t\t\t<\/div>\n\t\t\t\t<div class=\"elementor-element elementor-element-4ef9604 elementor-widget elementor-widget-text-editor\" data-id=\"4ef9604\" data-element_type=\"widget\" data-e-type=\"widget\" data-widget_type=\"text-editor.default\">\n\t\t\t\t<div class=\"elementor-widget-container\">\n\t\t\t\t\t\t\t\t\t<p style=\"text-align: justify;\">Das Institut f\u00fcr Wirtschaftsinformatik (IWi) ist ein Forschungsbereich im DFKI am Standort Saarbr\u00fccken. Das durch Prof. Dr. Dr. h.c. mult. August-Wilhelm Scheer gegr\u00fcndete Institut (aktuell unter der Leitung von Prof. Dr. Peter Loos) betreibt seit mehr als 30 Jahren anwendungsnahe Forschung. Aktuell sind am IWi mehr als 60 Mitarbeiter (davon 20 Vollzeitkr\u00e4fte) besch\u00e4ftigt. Forschung und Lehre umfassen das Informations- und Gesch\u00e4ftsprozessmanagement in Industrie, Dienstleistung und Verwaltung. Ein besonderer Anspruch liegt dabei auf dem Technologietransfer von der Wissenschaft in die Praxis. Zu den Kernkompetenzen des IWi z\u00e4hlen Gesch\u00e4ftsprozessmanagement, Business Intelligence, Process-\/ Data Mining sowie (Big) Data Analytics. Dar\u00fcber hinaus liegt ein zentrales Interesse in der Analyse und Erprobung von innovativen Methoden und Technologien zur L\u00f6sung aktueller Fragestellungen in Forschung und Praxis.<\/p>\t\t\t\t\t\t\t\t<\/div>\n\t\t\t\t<\/div>\n\t\t\t\t\t<\/div>\n\t\t<\/div>\n\t\t\t\t\t<\/div>\n\t\t<\/section>\n\t\t\t\t<\/div>\n\t\t","protected":false},"excerpt":{"rendered":"<p>Unsere Aufgaben im Projekt: Koordination Entwicklung der Erkl\u00e4rungsmethoden, Entwicklung der Erkl\u00e4rungsschnittstellen unter Ber\u00fccksichtigung kognitiver Aspekte Systemintegration Entwicklung der Evaluationsmechanismen Das DFKI: Das Deutsche Forschungszentrum f\u00fcr K\u00fcnstliche Intelligenz GmbH (DFKI), mit derzeit \u00fcber 1000 Mitarbeitern und f\u00fcnf Standorten, ist auf dem Gebiet innovativer Softwaretechnologien die f\u00fchrende Forschungseinrichtung in Deutschland. In der internationalen Wissenschaftswelt z\u00e4hlt das DFKI [&hellip;]<\/p>\n","protected":false},"author":1,"featured_media":0,"parent":481,"menu_order":1,"comment_status":"closed","ping_status":"closed","template":"","meta":{"footnotes":""},"class_list":["post-811","page","type-page","status-publish","hentry"],"_links":{"self":[{"href":"https:\/\/bpm.dfki.de\/kosmox\/wp-json\/wp\/v2\/pages\/811","targetHints":{"allow":["GET"]}}],"collection":[{"href":"https:\/\/bpm.dfki.de\/kosmox\/wp-json\/wp\/v2\/pages"}],"about":[{"href":"https:\/\/bpm.dfki.de\/kosmox\/wp-json\/wp\/v2\/types\/page"}],"author":[{"embeddable":true,"href":"https:\/\/bpm.dfki.de\/kosmox\/wp-json\/wp\/v2\/users\/1"}],"replies":[{"embeddable":true,"href":"https:\/\/bpm.dfki.de\/kosmox\/wp-json\/wp\/v2\/comments?post=811"}],"version-history":[{"count":28,"href":"https:\/\/bpm.dfki.de\/kosmox\/wp-json\/wp\/v2\/pages\/811\/revisions"}],"predecessor-version":[{"id":7448,"href":"https:\/\/bpm.dfki.de\/kosmox\/wp-json\/wp\/v2\/pages\/811\/revisions\/7448"}],"up":[{"embeddable":true,"href":"https:\/\/bpm.dfki.de\/kosmox\/wp-json\/wp\/v2\/pages\/481"}],"wp:attachment":[{"href":"https:\/\/bpm.dfki.de\/kosmox\/wp-json\/wp\/v2\/media?parent=811"}],"curies":[{"name":"wp","href":"https:\/\/api.w.org\/{rel}","templated":true}]}}