{"id":6528,"date":"2021-11-25T13:04:02","date_gmt":"2021-11-25T13:04:02","guid":{"rendered":"https:\/\/bpm.dfki.de\/kosmox\/?page_id=6528"},"modified":"2022-10-13T06:46:07","modified_gmt":"2022-10-13T06:46:07","slug":"impressum","status":"publish","type":"page","link":"https:\/\/bpm.dfki.de\/kosmox\/impressum\/","title":{"rendered":"Impressum"},"content":{"rendered":"\t\t<div data-elementor-type=\"wp-page\" data-elementor-id=\"6528\" class=\"elementor elementor-6528\">\n\t\t\t\t\t\t<section class=\"elementor-section elementor-top-section elementor-element elementor-element-cd35368 elementor-section-boxed elementor-section-height-default elementor-section-height-default\" data-id=\"cd35368\" data-element_type=\"section\" data-e-type=\"section\">\n\t\t\t\t\t\t<div class=\"elementor-container elementor-column-gap-default\">\n\t\t\t\t\t<div class=\"elementor-column elementor-col-100 elementor-top-column elementor-element elementor-element-0e8858d\" data-id=\"0e8858d\" data-element_type=\"column\" data-e-type=\"column\">\n\t\t\t<div class=\"elementor-widget-wrap elementor-element-populated\">\n\t\t\t\t\t\t<div class=\"elementor-element elementor-element-fed68bb elementor-widget elementor-widget-text-editor\" data-id=\"fed68bb\" data-element_type=\"widget\" data-e-type=\"widget\" data-widget_type=\"text-editor.default\">\n\t\t\t\t<div class=\"elementor-widget-container\">\n\t\t\t\t\t\t\t\t\t<h1>Impressum<\/h1>\t\t\t\t\t\t\t\t<\/div>\n\t\t\t\t<\/div>\n\t\t\t\t<div class=\"elementor-element elementor-element-4c9258d elementor-widget elementor-widget-spacer\" data-id=\"4c9258d\" data-element_type=\"widget\" data-e-type=\"widget\" data-widget_type=\"spacer.default\">\n\t\t\t\t<div class=\"elementor-widget-container\">\n\t\t\t\t\t\t\t<div class=\"elementor-spacer\">\n\t\t\t<div class=\"elementor-spacer-inner\"><\/div>\n\t\t<\/div>\n\t\t\t\t\t\t<\/div>\n\t\t\t\t<\/div>\n\t\t\t\t<div class=\"elementor-element elementor-element-693b4e0 elementor-widget elementor-widget-text-editor\" data-id=\"693b4e0\" data-element_type=\"widget\" data-e-type=\"widget\" data-widget_type=\"text-editor.default\">\n\t\t\t\t<div class=\"elementor-widget-container\">\n\t\t\t\t\t\t\t\t\t<p><b>Verantwortlicher Dienstanbieter<\/b> <br \/>F\u00fcr die Inhalte der Domain bpm.dfki.de\/kosmox ist aus Sicht des \u00a7 5 TMG verantwortlich:<\/p><p><b>Deutsches Forschungszentrum f\u00fcr K\u00fcnstliche Intelligenz GmbH (DFKI)<\/b> <br \/>Gesch\u00e4ftsf\u00fchrung: <br \/>Prof. Dr. Antonio Kr\u00fcger <br \/>Helmut Ditzer <br \/>Trippstadter Str. 122 <br \/>67663 Kaiserslautern <br \/>Tel.: +49 631 20575 0 <br \/>Fax: +49 631 20575 5030 <br \/>Email: <a href=\"mailto:info@dfki.de\"><span style=\"text-decoration: underline;\">info(at)dfki.de<\/span><\/a><\/p><p>Registergericht: Amtsgericht Kaiserslautern <br \/>Registernummer: HRB 2313<\/p><p>ID-Nummer: DE 148 646 973<\/p><p><b><br \/>Redaktionsverantwortliche\/r<\/b> <br \/>Redaktionsverantwortliche\/r f\u00fcr die Domain bpm.dfki.de\/kosmox der Deutsches Forschungszentrum f\u00fcr K\u00fcnstliche Intelligenz GmbH (DFKI) auf der Domain im Sinne von \u00a7 18 Abs. 2 MStV ist:<\/p><p>Matthias Olscher, Wissenschaftlicher Mitarbeiter<br \/>DFKI GmbH<br \/>D3 2 (Hauptgeb\u00e4ude), Raum 0.21<br \/>Saarland Informatics Campus D3 2<br \/>Stuhlsatzenhausweg 3<br \/>D-66123 Saarbr\u00fccken<br \/>Telefon: +49 (0) 681 85775 7244<br \/>Email: <a href=\"mailto: matthias.olscher@dfki.de\"><span style=\"text-decoration: underline;\">matthias.olscher(at)dfki.de<\/span><\/a> <br \/>Webadresse: <a href=\"http:\/\/www.dfki.de\" target=\"_blank\" rel=\"noopener\"><span style=\"text-decoration: underline;\">www.dfki.de<\/span><\/a><\/p><p><b>Rechtliche Hinweise zur Haftung f\u00fcr eigene Inhalte<\/b> <br \/>Die Deutsches Forschungszentrum f\u00fcr K\u00fcnstliche Intelligenz GmbH (DFKI) ist als Inhaltsanbieterin gem\u00e4\u00df \u00a7 7 Abs. 1 Telemediengesetz (TMG) f\u00fcr die eigenen Inhalte, die zur Nutzung bereitgehalten werden, nach den allgemeinen Gesetzen verantwortlich. Das DFKI ist um Korrektheit und Aktualit\u00e4t der auf dieser Internetpr\u00e4senz bereitgestellten Informationen bem\u00fcht. Dennoch ist ein vollst\u00e4ndiger Ausschluss von Fehlern und Unklarheiten nicht m\u00f6glich. Das DFKI \u00fcbernimmt daher keine Gew\u00e4hr f\u00fcr die Aktualit\u00e4t, Korrektheit, Vollst\u00e4ndigkeit oder Qualit\u00e4t der bereitgestellten Informationen. F\u00fcr Sch\u00e4den materieller oder ideeller Art, die durch die Nutzung oder Nichtnutzung der dargebotenen Informationen resp. durch die Nutzung fehlerhafter und unvollst\u00e4ndiger Informationen unmittelbar oder mittelbar verursacht werden, haftet das DFKI nicht, sofern nicht nachweislich vors\u00e4tzliches oder grob fahrl\u00e4ssiges Verschulden vorliegt. Dies bezieht sich auch auf f\u00fcr zum Download bereitgestellte Software oder Daten. Dem DFKI ist es vorbehalten, Teile des Internetangebots oder das gesamte Angebot ohne gesonderte Ank\u00fcndigung zu ver\u00e4ndern, zu erg\u00e4nzen, zu l\u00f6schen oder die Ver\u00f6ffentlichung zeitweise oder endg\u00fcltig einzustellen.<\/p><p><b><br \/>Rechtliche Hinweise f\u00fcr Verweise auf externe Webseiten<\/b> <br \/>Als Diensteanbieter sind wir gem\u00e4\u00df \u00a7 7 Abs.1 TMG f\u00fcr eigene Inhalte auf diesen Seiten nach den allgemeinen Gesetzen verantwortlich. Nach \u00a7\u00a7 8 bis 10 TMG sind wir als Diensteanbieter jedoch nicht verpflichtet, \u00fcbermittelte oder gespeicherte fremde Informationen zu \u00fcberwachen oder nach Umst\u00e4nden zu forschen, die auf eine rechtswidrige T\u00e4tigkeit hinweisen. Verpflichtungen zur Entfernung oder Sperrung der Nutzung von Informationen nach den allgemeinen Gesetzen bleiben hiervon unber\u00fchrt. Eine diesbez\u00fcgliche Haftung ist jedoch erst ab dem Zeitpunkt der Kenntnis einer konkreten Rechtsverletzung m\u00f6glich. Bei Bekanntwerden von entsprechenden Rechtsverletzungen werden wir diese Inhalte umgehend entfernen. Unser Angebot enth\u00e4lt Links zu externen Webseiten Dritter. F\u00fcr diese Inhalte der verlinkten externen Seiten ist stets der jeweilige Anbieter verantwortlich. F\u00fcr die Inhalte der verlinkten Seiten k\u00f6nnen wir keine Gew\u00e4hr \u00fcbernehmen. Diese fremden Inhalte wurden vonseiten des DFKI bei der erstmaligen Link-Setzung daraufhin \u00fcberpr\u00fcft, ob etwaige Rechtsverst\u00f6\u00dfe bestehen. Zum Zeitpunkt der \u00dcberpr\u00fcfung waren keine Rechtsverst\u00f6\u00dfe ersichtlich. Es ist jedoch nicht auszuschlie\u00dfen, dass die Inhalte im Nachhinein von den jeweiligen Anbietern ver\u00e4ndert werden. Eine permanente inhaltliche Kontrolle der verlinkten Seiten ist jedoch ohne Anhaltspunkte einer Rechtsverletzung nicht zumutbar. Sollten Sie der Ansicht sein, dass die verlinkten externen Seiten gegen geltendes Recht versto\u00dfen oder sonst unangemessene Inhalte haben, so teilen Sie uns dies bitte direkt an: info@dfki.de mit. Sollte das DFKI feststellen oder einen Hinweis darauf erhalten, dass ein externes Angebot, auf das es verlinkt hat, eine zivil- oder strafrechtliche Verantwortlichkeit ausl\u00f6st, wird das DFKI den Link auf dieses Angebot unverz\u00fcglich aufheben.<\/p><p><b><br \/>Rechtliche Hinweise zum Urheberrecht<\/b> <br \/>Das Layout der Homepage, die verwendeten Grafiken sowie die sonstigen Inhalte der Internetpr\u00e4senz des DFKI sind urheberrechtlich gesch\u00fctzt. Die Vervielf\u00e4ltigung, Bearbeitung, Verbreitung und jedwede Art der Verwertung au\u00dferhalb der Grenzen des Urheberrechtes bed\u00fcrfen der Zustimmung des DFKI (in Schriftform). Soweit die Inhalte auf dieser Seite nicht von DFKI erstellt wurden, werden die Urheberrechte Dritter beachtet. Sollten Sie dennoch auf eine Urheberrechtsverletzung aufmerksam werden, bitten wir um einen entsprechenden Hinweis. Bei Bekanntwerden von Rechtsverletzungen, wird DFKI derartige Inhalte umgehend entfernen.<\/p>\t\t\t\t\t\t\t\t<\/div>\n\t\t\t\t<\/div>\n\t\t\t\t\t<\/div>\n\t\t<\/div>\n\t\t\t\t\t<\/div>\n\t\t<\/section>\n\t\t\t\t<\/div>\n\t\t","protected":false},"excerpt":{"rendered":"<p>Impressum Verantwortlicher Dienstanbieter F\u00fcr die Inhalte der Domain bpm.dfki.de\/kosmox ist aus Sicht des \u00a7 5 TMG verantwortlich: Deutsches Forschungszentrum f\u00fcr K\u00fcnstliche Intelligenz GmbH (DFKI) Gesch\u00e4ftsf\u00fchrung: Prof. Dr. Antonio Kr\u00fcger Helmut Ditzer Trippstadter Str. 122 67663 Kaiserslautern Tel.: +49 631 20575 0 Fax: +49 631 20575 5030 Email: info(at)dfki.de Registergericht: Amtsgericht Kaiserslautern Registernummer: HRB 2313 ID-Nummer: [&hellip;]<\/p>\n","protected":false},"author":1,"featured_media":0,"parent":0,"menu_order":0,"comment_status":"closed","ping_status":"closed","template":"","meta":{"footnotes":""},"class_list":["post-6528","page","type-page","status-publish","hentry"],"_links":{"self":[{"href":"https:\/\/bpm.dfki.de\/kosmox\/wp-json\/wp\/v2\/pages\/6528","targetHints":{"allow":["GET"]}}],"collection":[{"href":"https:\/\/bpm.dfki.de\/kosmox\/wp-json\/wp\/v2\/pages"}],"about":[{"href":"https:\/\/bpm.dfki.de\/kosmox\/wp-json\/wp\/v2\/types\/page"}],"author":[{"embeddable":true,"href":"https:\/\/bpm.dfki.de\/kosmox\/wp-json\/wp\/v2\/users\/1"}],"replies":[{"embeddable":true,"href":"https:\/\/bpm.dfki.de\/kosmox\/wp-json\/wp\/v2\/comments?post=6528"}],"version-history":[{"count":19,"href":"https:\/\/bpm.dfki.de\/kosmox\/wp-json\/wp\/v2\/pages\/6528\/revisions"}],"predecessor-version":[{"id":8030,"href":"https:\/\/bpm.dfki.de\/kosmox\/wp-json\/wp\/v2\/pages\/6528\/revisions\/8030"}],"wp:attachment":[{"href":"https:\/\/bpm.dfki.de\/kosmox\/wp-json\/wp\/v2\/media?parent=6528"}],"curies":[{"name":"wp","href":"https:\/\/api.w.org\/{rel}","templated":true}]}}