{"id":491,"date":"2021-07-12T13:58:53","date_gmt":"2021-07-12T13:58:53","guid":{"rendered":"http:\/\/134.96.72.80\/?page_id=491"},"modified":"2022-09-22T08:44:11","modified_gmt":"2022-09-22T08:44:11","slug":"uber-das-projekt","status":"publish","type":"page","link":"https:\/\/bpm.dfki.de\/kosmox\/uber-das-projekt\/","title":{"rendered":"\u00dcber das Projekt"},"content":{"rendered":"\t\t<div data-elementor-type=\"wp-page\" data-elementor-id=\"491\" class=\"elementor elementor-491\">\n\t\t\t\t\t\t<section class=\"elementor-section elementor-top-section elementor-element elementor-element-882b2a7 elementor-section-boxed elementor-section-height-default elementor-section-height-default\" data-id=\"882b2a7\" data-element_type=\"section\" data-e-type=\"section\">\n\t\t\t\t\t\t<div class=\"elementor-container elementor-column-gap-default\">\n\t\t\t\t\t<div class=\"elementor-column elementor-col-100 elementor-top-column elementor-element elementor-element-b57fba0\" data-id=\"b57fba0\" data-element_type=\"column\" data-e-type=\"column\">\n\t\t\t<div class=\"elementor-widget-wrap elementor-element-populated\">\n\t\t\t\t\t\t<div class=\"elementor-element elementor-element-d6758a6 elementor-widget elementor-widget-text-editor\" data-id=\"d6758a6\" data-element_type=\"widget\" data-e-type=\"widget\" data-widget_type=\"text-editor.default\">\n\t\t\t\t<div class=\"elementor-widget-container\">\n\t\t\t\t\t\t\t\t\t<h1 style=\"text-align: center;\">\u00dcber das Projekt<\/h1>\t\t\t\t\t\t\t\t<\/div>\n\t\t\t\t<\/div>\n\t\t\t\t<div class=\"elementor-element elementor-element-9cc4d09 elementor-widget elementor-widget-spacer\" data-id=\"9cc4d09\" data-element_type=\"widget\" data-e-type=\"widget\" data-widget_type=\"spacer.default\">\n\t\t\t\t<div class=\"elementor-widget-container\">\n\t\t\t\t\t\t\t<div class=\"elementor-spacer\">\n\t\t\t<div class=\"elementor-spacer-inner\"><\/div>\n\t\t<\/div>\n\t\t\t\t\t\t<\/div>\n\t\t\t\t<\/div>\n\t\t\t\t<div class=\"elementor-element elementor-element-2643f03 elementor-widget elementor-widget-text-editor\" data-id=\"2643f03\" data-element_type=\"widget\" data-e-type=\"widget\" data-widget_type=\"text-editor.default\">\n\t\t\t\t<div class=\"elementor-widget-container\">\n\t\t\t\t\t\t\t\t\t<h2>Erkl\u00e4rbare K\u00fcnstliche Intelligenz zur Unterst\u00fctzung der Entscheidungsfindung<\/h2>\t\t\t\t\t\t\t\t<\/div>\n\t\t\t\t<\/div>\n\t\t\t\t<div class=\"elementor-element elementor-element-be7e7d2 elementor-widget elementor-widget-text-editor\" data-id=\"be7e7d2\" data-element_type=\"widget\" data-e-type=\"widget\" id=\"KOSMOXAboutProjektErkl\u00e4rungKI\" data-widget_type=\"text-editor.default\">\n\t\t\t\t<div class=\"elementor-widget-container\">\n\t\t\t\t\t\t\t\t\t<p style=\"text-align: justify;\"><span id=\"page29R_mcid2\" class=\"markedContent\"><span dir=\"ltr\" role=\"presentation\">Im Bereich der K\u00fcnstlichen Intelligenz (KI) sind Black<\/span><span dir=\"ltr\" role=\"presentation\">&#8211;<\/span><span dir=\"ltr\" role=\"presentation\">Box<\/span><span dir=\"ltr\" role=\"presentation\">&#8211;<\/span><span dir=\"ltr\" role=\"presentation\">Modelle<\/span> <span dir=\"ltr\" role=\"presentation\">gegen\u00fcber konventionellen <\/span><span dir=\"ltr\" role=\"presentation\">Verfahren<\/span> <span dir=\"ltr\" role=\"presentation\">zwar \u00fcberlegen, liefern allerdings<\/span> <span dir=\"ltr\" role=\"presentation\">keine Erkl\u00e4rung \u00fcber das Zustandekommen ihrer <\/span><span dir=\"ltr\" role=\"presentation\">Entscheidungen und Handlungsempfehlungen. <\/span><span dir=\"ltr\" role=\"presentation\">Diese mangelnde<\/span> <span dir=\"ltr\" role=\"presentation\">Nachvollziehbar<\/span><span dir=\"ltr\" role=\"presentation\">keit<\/span> <span dir=\"ltr\" role=\"presentation\">f\u00fchrt zu <\/span><span dir=\"ltr\" role=\"presentation\">Vorbehalten <\/span><span dir=\"ltr\" role=\"presentation\">gegen\u00fcber dem Einsatz dieser Technologi<\/span><span dir=\"ltr\" role=\"presentation\">en<\/span><span dir=\"ltr\" role=\"presentation\">. <\/span><span dir=\"ltr\" role=\"presentation\">Dar\u00fcber hinaus<\/span> <span dir=\"ltr\" role=\"presentation\">stell<\/span><span dir=\"ltr\" role=\"presentation\">en sich Fragen <\/span><span dir=\"ltr\" role=\"presentation\">bez\u00fcglich<\/span> <span dir=\"ltr\" role=\"presentation\">R<\/span><span dir=\"ltr\" role=\"presentation\">echt<\/span><span dir=\"ltr\" role=\"presentation\">ssicherheit<\/span><span dir=\"ltr\" role=\"presentation\">, <\/span> <span dir=\"ltr\" role=\"presentation\">E<\/span><span dir=\"ltr\" role=\"presentation\">thi<\/span><span dir=\"ltr\" role=\"presentation\">k<\/span> <span dir=\"ltr\" role=\"presentation\">und <\/span> <span dir=\"ltr\" role=\"presentation\">K<\/span><span dir=\"ltr\" role=\"presentation\">undenorientier<\/span><span dir=\"ltr\" role=\"presentation\">ung<\/span> <span dir=\"ltr\" role=\"presentation\">der Anwen<\/span><span dir=\"ltr\" role=\"presentation\">dung.<\/span> <span dir=\"ltr\" role=\"presentation\">Hier setzt <\/span> <span dir=\"ltr\" role=\"presentation\">Ex<\/span><span dir=\"ltr\" role=\"presentation\">plainable Artificial Intelligence (XAI) <\/span><span dir=\"ltr\" role=\"presentation\">an, die <\/span><span dir=\"ltr\" role=\"presentation\">dem Anwender Entscheidungen und Verhaltens<\/span><span dir=\"ltr\" role=\"presentation\">weisen des Systems erkl\u00e4rt. Die aktuellen <\/span><span dir=\"ltr\" role=\"presentation\">Forschungs<\/span><span dir=\"ltr\" role=\"presentation\">&#8211;<\/span> <span dir=\"ltr\" role=\"presentation\">und Entwicklungst\u00e4tigkeiten in der XAI<\/span><span dir=\"ltr\" role=\"presentation\">&#8211;<\/span><span dir=\"ltr\" role=\"presentation\">Dom\u00e4ne lassen <\/span> <span dir=\"ltr\" role=\"presentation\">jedoch <\/span> <span dir=\"ltr\" role=\"presentation\">relevante Aspekte au\u00dfer Acht: Mit Ausnahme der Intuition des For<\/span><span dir=\"ltr\" role=\"presentation\">schers hinsichtlich der Qualit\u00e4t einer Erkl\u00e4rung werden interaktive, menschliche, organisatori<\/span><span dir=\"ltr\" role=\"presentation\">sche und \u00f6konomische Aspek<\/span><span dir=\"ltr\" role=\"presentation\">te<\/span> <span dir=\"ltr\" role=\"presentation\">oftmals nicht beachtet<\/span><span dir=\"ltr\" role=\"presentation\">. Auch <\/span><span dir=\"ltr\" role=\"presentation\">Eigenschaften von Erkl\u00e4rungen <\/span><span dir=\"ltr\" role=\"presentation\">und Problemstellungen<\/span> <span dir=\"ltr\" role=\"presentation\">werden<\/span> <span dir=\"ltr\" role=\"presentation\">oftmals nicht <\/span><span dir=\"ltr\" role=\"presentation\">ber\u00fccksichtigt. <\/span><span dir=\"ltr\" role=\"presentation\">Daher besteht ein gro\u00dfer Bedarf <\/span><span dir=\"ltr\" role=\"presentation\">an einem Ansatz zur Entwicklung und Gestaltung von Erkl\u00e4rungsmodellen und<\/span> <span dir=\"ltr\" role=\"presentation\">entsprechen<\/span><span dir=\"ltr\" role=\"presentation\">den S<\/span><span dir=\"ltr\" role=\"presentation\">chnittstellen.<\/span> D<span dir=\"ltr\" role=\"presentation\">ieser soll zuk\u00fcnftig als Leitfaden genutzt werden k\u00f6nnen.<\/span><\/span><\/p>\t\t\t\t\t\t\t\t<\/div>\n\t\t\t\t<\/div>\n\t\t\t\t<div class=\"elementor-element elementor-element-4a6b3f5 elementor-widget elementor-widget-text-editor\" data-id=\"4a6b3f5\" data-element_type=\"widget\" data-e-type=\"widget\" data-widget_type=\"text-editor.default\">\n\t\t\t\t<div class=\"elementor-widget-container\">\n\t\t\t\t\t\t\t\t\t<h2>Ziel des Projekts<\/h2>\t\t\t\t\t\t\t\t<\/div>\n\t\t\t\t<\/div>\n\t\t\t\t<div class=\"elementor-element elementor-element-11f9da7 elementor-widget elementor-widget-text-editor\" data-id=\"11f9da7\" data-element_type=\"widget\" data-e-type=\"widget\" id=\"KOSMOXAboutProjektZiel\" data-widget_type=\"text-editor.default\">\n\t\t\t\t<div class=\"elementor-widget-container\">\n\t\t\t\t\t\t\t\t\t<p style=\"text-align: justify;\"><span id=\"page29R_mcid2\" class=\"markedContent\"><span dir=\"ltr\" role=\"presentation\"><span id=\"page29R_mcid3\" class=\"markedContent\">Ziel des Projektvorhabens KOSMOX ist die Entwicklung eines ganzheitlichen Erkl\u00e4rungssystems, das Entscheidungen von KI-Systemen im Nachhinein verst\u00e4ndlich darstellt. Es soll ein System geschaffen werden, das Ans\u00e4tze regel- und simulationsbasierter Erkl\u00e4rungen vereint. Zus\u00e4tzlich werden relevante Techniken aus dem Bereich der Komplexen Systeme eingesetzt. Au\u00dferdem soll eine Erkl\u00e4rungsschnittstelle konzipiert und realisiert werden, die auf Erkenntnissen aus den Kognitionswissenschaften basiert und eine interaktive Kommunikation zwischen den Anwendern und den eingesetzten KI-Techniken erm\u00f6glicht. In einem interdisziplin\u00e4ren Team aus Forschern und Industrieexperten werden zu diesem Zweck auch Herangehensweisen aus den Organisationswissenschaften, der Mensch-Computer-Interaktion sowie der Verhaltens\u00f6konomie herangezogen. Indem der Mehrwert der Zusammenarbeit von Mensch und K\u00fcnstlicher Intelligenz herausgestellt wird, soll Vertrauen in KI-basierte Anwendungen aufgebaut werden. Im Fokus steht dabei, den Anwendern die Ergebnisse Maschineller Lernverfahren und anderer KI-Techniken f\u00fcr den Entscheidungsfindungsprozess transparent darzustellen und zu erkl\u00e4ren. Bei der Bearbeitung des Vorhabens soll auf eine branchen- und bereichs\u00fcbergreifende L\u00f6sung geachtet werden, um eine breite Anwendbarkeit zu gew\u00e4hrleisten.<\/span><\/span><\/span><\/p>\t\t\t\t\t\t\t\t<\/div>\n\t\t\t\t<\/div>\n\t\t\t\t<div class=\"elementor-element elementor-element-f3b2ee0 elementor-widget elementor-widget-image\" data-id=\"f3b2ee0\" data-element_type=\"widget\" data-e-type=\"widget\" data-widget_type=\"image.default\">\n\t\t\t\t<div class=\"elementor-widget-container\">\n\t\t\t\t\t\t\t\t\t\t\t\t\t\t\t<img fetchpriority=\"high\" decoding=\"async\" width=\"1542\" height=\"899\" src=\"https:\/\/bpm.dfki.de\/kosmox\/wp-content\/uploads\/sites\/2\/2021\/08\/zielbild-1.png\" class=\"attachment-full size-full wp-image-1911\" alt=\"zielbild Kosmox\" srcset=\"https:\/\/bpm.dfki.de\/kosmox\/wp-content\/uploads\/sites\/2\/2021\/08\/zielbild-1.png 1542w, https:\/\/bpm.dfki.de\/kosmox\/wp-content\/uploads\/sites\/2\/2021\/08\/zielbild-1-300x175.png 300w, https:\/\/bpm.dfki.de\/kosmox\/wp-content\/uploads\/sites\/2\/2021\/08\/zielbild-1-1024x597.png 1024w, https:\/\/bpm.dfki.de\/kosmox\/wp-content\/uploads\/sites\/2\/2021\/08\/zielbild-1-768x448.png 768w, https:\/\/bpm.dfki.de\/kosmox\/wp-content\/uploads\/sites\/2\/2021\/08\/zielbild-1-1536x896.png 1536w\" sizes=\"(max-width: 1542px) 100vw, 1542px\" \/>\t\t\t\t\t\t\t\t\t\t\t\t\t\t\t<\/div>\n\t\t\t\t<\/div>\n\t\t\t\t<div class=\"elementor-element elementor-element-4d628a6 elementor-widget elementor-widget-text-editor\" data-id=\"4d628a6\" data-element_type=\"widget\" data-e-type=\"widget\" data-widget_type=\"text-editor.default\">\n\t\t\t\t<div class=\"elementor-widget-container\">\n\t\t\t\t\t\t\t\t\t<h2>Anwendungsbereiche<\/h2>\t\t\t\t\t\t\t\t<\/div>\n\t\t\t\t<\/div>\n\t\t\t\t<div class=\"elementor-element elementor-element-70ae116 elementor-widget elementor-widget-text-editor\" data-id=\"70ae116\" data-element_type=\"widget\" data-e-type=\"widget\" id=\"KOSMOXAboutProjektUseCase\" data-widget_type=\"text-editor.default\">\n\t\t\t\t<div class=\"elementor-widget-container\">\n\t\t\t\t\t\t\t\t\t<p style=\"text-align: justify;\">Alle Business Units der ContiTech AG (eine Division der Continental AG) verarbeiten Gummimischungen, die gew\u00f6hnlich aus nat\u00fcrlichem\/synthetischem Kautschuk, F\u00fcllstoffen, \u00d6len und weiteren Additiven bestehen und in Industriemischern hergestellt werden. Mehrstufige Mischungen durchlaufen diesen Prozess mehrere Male. W\u00e4hrend jedes Mischvorgangs k\u00f6nnen verschiedene Parameter, wie z.B. die Mischerdrehzahl, der Energieeintrag, etc. variiert und Zutaten zu verschiedenen Zeitpunkten hinzugef\u00fcgt werden. Diese Faktoren sowie die Toleranzprofile der Zutaten bestimmen die Qualit\u00e4t der Mischung. Momentan kann die Qualit\u00e4t (bestimmt durch Parameter wie Shore-H\u00e4rte, Rei\u00dfdehnung, etc.) bestimmter Mischungen durch etablierte Methoden des maschinellen Lernens pr\u00e4diziert werden. Allerdings sind die resultierenden Black-Box-Modelle von eingeschr\u00e4nktem praktischem Mehrwert, da aus ihnen keine Richtlinien f\u00fcr Qualit\u00e4tsverbesserungen abgeleitet werden k\u00f6nnen.<br><\/p>\n<p style=\"text-align: justify;\"><span id=\"page29R_mcid2\" class=\"markedContent\"><span dir=\"ltr\" role=\"presentation\"><span id=\"page29R_mcid3\" class=\"markedContent\">&nbsp;<\/span><\/span><\/span><\/p>\t\t\t\t\t\t\t\t<\/div>\n\t\t\t\t<\/div>\n\t\t\t\t\t<\/div>\n\t\t<\/div>\n\t\t\t\t\t<\/div>\n\t\t<\/section>\n\t\t\t\t<\/div>\n\t\t","protected":false},"excerpt":{"rendered":"<p>Test123ghsgfr<\/p>\n","protected":false},"author":1,"featured_media":0,"parent":0,"menu_order":1,"comment_status":"closed","ping_status":"closed","template":"","meta":{"footnotes":""},"class_list":["post-491","page","type-page","status-publish","hentry"],"_links":{"self":[{"href":"https:\/\/bpm.dfki.de\/kosmox\/wp-json\/wp\/v2\/pages\/491","targetHints":{"allow":["GET"]}}],"collection":[{"href":"https:\/\/bpm.dfki.de\/kosmox\/wp-json\/wp\/v2\/pages"}],"about":[{"href":"https:\/\/bpm.dfki.de\/kosmox\/wp-json\/wp\/v2\/types\/page"}],"author":[{"embeddable":true,"href":"https:\/\/bpm.dfki.de\/kosmox\/wp-json\/wp\/v2\/users\/1"}],"replies":[{"embeddable":true,"href":"https:\/\/bpm.dfki.de\/kosmox\/wp-json\/wp\/v2\/comments?post=491"}],"version-history":[{"count":16,"href":"https:\/\/bpm.dfki.de\/kosmox\/wp-json\/wp\/v2\/pages\/491\/revisions"}],"predecessor-version":[{"id":7983,"href":"https:\/\/bpm.dfki.de\/kosmox\/wp-json\/wp\/v2\/pages\/491\/revisions\/7983"}],"wp:attachment":[{"href":"https:\/\/bpm.dfki.de\/kosmox\/wp-json\/wp\/v2\/media?parent=491"}],"curies":[{"name":"wp","href":"https:\/\/api.w.org\/{rel}","templated":true}]}}