{"id":481,"date":"2021-07-04T13:41:56","date_gmt":"2021-07-04T13:41:56","guid":{"rendered":"http:\/\/134.96.72.80\/?page_id=481"},"modified":"2022-09-22T08:44:08","modified_gmt":"2022-09-22T08:44:08","slug":"konsortium","status":"publish","type":"page","link":"https:\/\/bpm.dfki.de\/kosmox\/konsortium\/","title":{"rendered":"Konsortium"},"content":{"rendered":"\t\t<div data-elementor-type=\"wp-page\" data-elementor-id=\"481\" class=\"elementor elementor-481\">\n\t\t\t\t\t\t<section class=\"elementor-section elementor-top-section elementor-element elementor-element-f046680 elementor-section-boxed elementor-section-height-default elementor-section-height-default\" data-id=\"f046680\" data-element_type=\"section\" data-e-type=\"section\">\n\t\t\t\t\t\t<div class=\"elementor-container elementor-column-gap-default\">\n\t\t\t\t\t<div class=\"elementor-column elementor-col-100 elementor-top-column elementor-element elementor-element-a0b27a8\" data-id=\"a0b27a8\" data-element_type=\"column\" data-e-type=\"column\">\n\t\t\t<div class=\"elementor-widget-wrap elementor-element-populated\">\n\t\t\t\t\t\t<div class=\"elementor-element elementor-element-ae99fbd elementor-widget elementor-widget-text-editor\" data-id=\"ae99fbd\" data-element_type=\"widget\" data-e-type=\"widget\" data-widget_type=\"text-editor.default\">\n\t\t\t\t<div class=\"elementor-widget-container\">\n\t\t\t\t\t\t\t\t\t<h1 style=\"text-align: center;\">Konsortium<\/h1>\t\t\t\t\t\t\t\t<\/div>\n\t\t\t\t<\/div>\n\t\t\t\t<div class=\"elementor-element elementor-element-b396381 elementor-widget elementor-widget-spacer\" data-id=\"b396381\" data-element_type=\"widget\" data-e-type=\"widget\" data-widget_type=\"spacer.default\">\n\t\t\t\t<div class=\"elementor-widget-container\">\n\t\t\t\t\t\t\t<div class=\"elementor-spacer\">\n\t\t\t<div class=\"elementor-spacer-inner\"><\/div>\n\t\t<\/div>\n\t\t\t\t\t\t<\/div>\n\t\t\t\t<\/div>\n\t\t\t\t<section class=\"elementor-section elementor-inner-section elementor-element elementor-element-79502ef elementor-section-boxed elementor-section-height-default elementor-section-height-default\" data-id=\"79502ef\" data-element_type=\"section\" data-e-type=\"section\">\n\t\t\t\t\t\t<div class=\"elementor-container elementor-column-gap-default\">\n\t\t\t\t\t<div class=\"elementor-column elementor-col-33 elementor-inner-column elementor-element elementor-element-4378af3\" data-id=\"4378af3\" data-element_type=\"column\" data-e-type=\"column\">\n\t\t\t<div class=\"elementor-widget-wrap elementor-element-populated\">\n\t\t\t\t\t\t<div class=\"elementor-element elementor-element-e2cf06f elementor-widget elementor-widget-image\" data-id=\"e2cf06f\" data-element_type=\"widget\" data-e-type=\"widget\" data-widget_type=\"image.default\">\n\t\t\t\t<div class=\"elementor-widget-container\">\n\t\t\t\t\t\t\t\t\t\t\t\t\t\t\t\t<a href=\"http:\/\/www.dfki.de\" target=\"_blank\" rel=\"noopener\">\n\t\t\t\t\t\t\t<img decoding=\"async\" width=\"301\" height=\"125\" src=\"https:\/\/bpm.dfki.de\/kosmox\/wp-content\/uploads\/sites\/2\/2021\/07\/DFKI.png\" class=\"attachment-full size-full wp-image-482\" alt=\"DFKI-Logo\" \/>\t\t\t\t\t\t\t\t<\/a>\n\t\t\t\t\t\t\t\t\t\t\t\t\t\t\t<\/div>\n\t\t\t\t<\/div>\n\t\t\t\t<div class=\"elementor-element elementor-element-6fc67cb elementor-widget elementor-widget-button\" data-id=\"6fc67cb\" data-element_type=\"widget\" data-e-type=\"widget\" data-widget_type=\"button.default\">\n\t\t\t\t<div class=\"elementor-widget-container\">\n\t\t\t\t\t\t\t\t\t<div class=\"elementor-button-wrapper\">\n\t\t\t\t\t<a class=\"elementor-button elementor-button-link elementor-size-sm\" href=\"https:\/\/bpm.dfki.de\/kosmox\/konsortium\/dfki\/\">\n\t\t\t\t\t\t<span class=\"elementor-button-content-wrapper\">\n\t\t\t\t\t\t\t\t\t<span class=\"elementor-button-text\">Mehr erfahren<\/span>\n\t\t\t\t\t<\/span>\n\t\t\t\t\t<\/a>\n\t\t\t\t<\/div>\n\t\t\t\t\t\t\t\t<\/div>\n\t\t\t\t<\/div>\n\t\t\t\t\t<\/div>\n\t\t<\/div>\n\t\t\t\t<div class=\"elementor-column elementor-col-66 elementor-inner-column elementor-element elementor-element-4c14bed\" data-id=\"4c14bed\" data-element_type=\"column\" data-e-type=\"column\">\n\t\t\t<div class=\"elementor-widget-wrap elementor-element-populated\">\n\t\t\t\t\t\t<div class=\"elementor-element elementor-element-f1ae252 elementor-widget elementor-widget-text-editor\" data-id=\"f1ae252\" data-element_type=\"widget\" data-e-type=\"widget\" data-widget_type=\"text-editor.default\">\n\t\t\t\t<div class=\"elementor-widget-container\">\n\t\t\t\t\t\t\t\t\t<p><strong>Deutsches Forschungszentrum f\u00fcr K\u00fcnstliche Intelligenz (DFKI) GmbH<br \/><\/strong><strong> Institut f\u00fcr Wirtschaftsinformatik (IWi)<\/strong><\/p>\n<p><!-- \/wp:paragraph --><!-- wp:paragraph --><\/p>\n<p>Ansprechpartner im Projekt: Nijat Mehdiyev, Lea G\u00f6tz<br \/>Campus D 3.2, D-66123 Saarbr\u00fccken<br \/>Homepage: <a href=\"http:\/\/www.dfki.de\/\" target=\"_blank\" rel=\"noopener\"><span style=\"text-decoration: underline;\">https:\/\/www.dfki.de\/<\/span><\/a><\/p>\t\t\t\t\t\t\t\t<\/div>\n\t\t\t\t<\/div>\n\t\t\t\t\t<\/div>\n\t\t<\/div>\n\t\t\t\t\t<\/div>\n\t\t<\/section>\n\t\t\t\t<div class=\"elementor-element elementor-element-3a41af1 elementor-widget-divider--view-line elementor-widget elementor-widget-divider\" data-id=\"3a41af1\" data-element_type=\"widget\" data-e-type=\"widget\" data-widget_type=\"divider.default\">\n\t\t\t\t<div class=\"elementor-widget-container\">\n\t\t\t\t\t\t\t<div class=\"elementor-divider\">\n\t\t\t<span class=\"elementor-divider-separator\">\n\t\t\t\t\t\t<\/span>\n\t\t<\/div>\n\t\t\t\t\t\t<\/div>\n\t\t\t\t<\/div>\n\t\t\t\t<section class=\"elementor-section elementor-inner-section elementor-element elementor-element-dd7f9c4 elementor-section-boxed elementor-section-height-default elementor-section-height-default\" data-id=\"dd7f9c4\" data-element_type=\"section\" data-e-type=\"section\">\n\t\t\t\t\t\t<div class=\"elementor-container elementor-column-gap-default\">\n\t\t\t\t\t<div class=\"elementor-column elementor-col-33 elementor-inner-column elementor-element elementor-element-01898f6\" data-id=\"01898f6\" data-element_type=\"column\" data-e-type=\"column\">\n\t\t\t<div class=\"elementor-widget-wrap elementor-element-populated\">\n\t\t\t\t\t\t<div class=\"elementor-element elementor-element-003c6e4 elementor-widget elementor-widget-image\" data-id=\"003c6e4\" data-element_type=\"widget\" data-e-type=\"widget\" data-widget_type=\"image.default\">\n\t\t\t\t<div class=\"elementor-widget-container\">\n\t\t\t\t\t\t\t\t\t\t\t\t\t\t\t\t<a href=\"https:\/\/www.iosb-ina.fraunhofer.de\/\" target=\"_blank\" rel=\"noopener\">\n\t\t\t\t\t\t\t<img decoding=\"async\" width=\"300\" height=\"140\" src=\"https:\/\/bpm.dfki.de\/kosmox\/wp-content\/uploads\/sites\/2\/2021\/07\/Frauenhofer-e1629982908362.png\" class=\"attachment-full size-full wp-image-483\" alt=\"Frauenhofer-Logo\" \/>\t\t\t\t\t\t\t\t<\/a>\n\t\t\t\t\t\t\t\t\t\t\t\t\t\t\t<\/div>\n\t\t\t\t<\/div>\n\t\t\t\t<div class=\"elementor-element elementor-element-4a124dd elementor-widget elementor-widget-button\" data-id=\"4a124dd\" data-element_type=\"widget\" data-e-type=\"widget\" data-widget_type=\"button.default\">\n\t\t\t\t<div class=\"elementor-widget-container\">\n\t\t\t\t\t\t\t\t\t<div class=\"elementor-button-wrapper\">\n\t\t\t\t\t<a class=\"elementor-button elementor-button-link elementor-size-sm\" href=\"https:\/\/bpm.dfki.de\/kosmox\/konsortium\/fraunhofer\/\">\n\t\t\t\t\t\t<span class=\"elementor-button-content-wrapper\">\n\t\t\t\t\t\t\t\t\t<span class=\"elementor-button-text\">Mehr erfahren<\/span>\n\t\t\t\t\t<\/span>\n\t\t\t\t\t<\/a>\n\t\t\t\t<\/div>\n\t\t\t\t\t\t\t\t<\/div>\n\t\t\t\t<\/div>\n\t\t\t\t\t<\/div>\n\t\t<\/div>\n\t\t\t\t<div class=\"elementor-column elementor-col-50 elementor-inner-column elementor-element elementor-element-6ab38ad\" data-id=\"6ab38ad\" data-element_type=\"column\" data-e-type=\"column\">\n\t\t\t<div class=\"elementor-widget-wrap elementor-element-populated\">\n\t\t\t\t\t\t<div class=\"elementor-element elementor-element-37e6838 elementor-widget elementor-widget-text-editor\" data-id=\"37e6838\" data-element_type=\"widget\" data-e-type=\"widget\" data-widget_type=\"text-editor.default\">\n\t\t\t\t<div class=\"elementor-widget-container\">\n\t\t\t\t\t\t\t\t\t<p><strong>Fraunhofer IOSB-INA<br \/>Institutsteil f\u00fcr industrielle Automation INA des Fraunhofer IOSB<\/strong><\/p>\n<p>Ansprechpartner im Projekt: Alexander Diedrich, Kaja Balzereit<br \/>Campusallee 1, D-32657 Lemgo<br \/>Homepage: <a href=\"https:\/\/www.iosb-ina.fraunhofer.de\/\" target=\"_blank\" rel=\"noopener\"><span style=\"text-decoration: underline;\">https:\/\/www.iosb-ina.fraunhofer.de\/<\/span><\/a><\/p>\t\t\t\t\t\t\t\t<\/div>\n\t\t\t\t<\/div>\n\t\t\t\t\t<\/div>\n\t\t<\/div>\n\t\t\t\t\t<\/div>\n\t\t<\/section>\n\t\t\t\t<div class=\"elementor-element elementor-element-65e19e9 elementor-widget-divider--view-line elementor-widget elementor-widget-divider\" data-id=\"65e19e9\" data-element_type=\"widget\" data-e-type=\"widget\" data-widget_type=\"divider.default\">\n\t\t\t\t<div class=\"elementor-widget-container\">\n\t\t\t\t\t\t\t<div class=\"elementor-divider\">\n\t\t\t<span class=\"elementor-divider-separator\">\n\t\t\t\t\t\t<\/span>\n\t\t<\/div>\n\t\t\t\t\t\t<\/div>\n\t\t\t\t<\/div>\n\t\t\t\t<section class=\"elementor-section elementor-inner-section elementor-element elementor-element-ce5eeaa elementor-section-boxed elementor-section-height-default elementor-section-height-default\" data-id=\"ce5eeaa\" data-element_type=\"section\" data-e-type=\"section\">\n\t\t\t\t\t\t<div class=\"elementor-container elementor-column-gap-default\">\n\t\t\t\t\t<div class=\"elementor-column elementor-col-33 elementor-inner-column elementor-element elementor-element-1125146\" data-id=\"1125146\" data-element_type=\"column\" data-e-type=\"column\">\n\t\t\t<div class=\"elementor-widget-wrap elementor-element-populated\">\n\t\t\t\t\t\t<div class=\"elementor-element elementor-element-b14f731 elementor-widget elementor-widget-image\" data-id=\"b14f731\" data-element_type=\"widget\" data-e-type=\"widget\" data-widget_type=\"image.default\">\n\t\t\t\t<div class=\"elementor-widget-container\">\n\t\t\t\t\t\t\t\t\t\t\t\t\t\t\t\t<a href=\"https:\/\/www.continental-industry.com\/de\" target=\"_blank\" rel=\"noopener\">\n\t\t\t\t\t\t\t<img decoding=\"async\" width=\"300\" height=\"128\" src=\"https:\/\/bpm.dfki.de\/kosmox\/wp-content\/uploads\/sites\/2\/2021\/09\/ContiTech-scaled-1-300x128.jpg\" class=\"attachment-medium size-medium wp-image-5179\" alt=\"ContiTech Logo\" srcset=\"https:\/\/bpm.dfki.de\/kosmox\/wp-content\/uploads\/sites\/2\/2021\/09\/ContiTech-scaled-1-300x128.jpg 300w, https:\/\/bpm.dfki.de\/kosmox\/wp-content\/uploads\/sites\/2\/2021\/09\/ContiTech-scaled-1-1024x435.jpg 1024w, https:\/\/bpm.dfki.de\/kosmox\/wp-content\/uploads\/sites\/2\/2021\/09\/ContiTech-scaled-1-768x326.jpg 768w, https:\/\/bpm.dfki.de\/kosmox\/wp-content\/uploads\/sites\/2\/2021\/09\/ContiTech-scaled-1-1536x653.jpg 1536w, https:\/\/bpm.dfki.de\/kosmox\/wp-content\/uploads\/sites\/2\/2021\/09\/ContiTech-scaled-1-2048x870.jpg 2048w, https:\/\/bpm.dfki.de\/kosmox\/wp-content\/uploads\/sites\/2\/2021\/09\/ContiTech-scaled-1-1568x666.jpg 1568w\" sizes=\"(max-width: 300px) 100vw, 300px\" \/>\t\t\t\t\t\t\t\t<\/a>\n\t\t\t\t\t\t\t\t\t\t\t\t\t\t\t<\/div>\n\t\t\t\t<\/div>\n\t\t\t\t<div class=\"elementor-element elementor-element-d08cf33 elementor-widget elementor-widget-button\" data-id=\"d08cf33\" data-element_type=\"widget\" data-e-type=\"widget\" data-widget_type=\"button.default\">\n\t\t\t\t<div class=\"elementor-widget-container\">\n\t\t\t\t\t\t\t\t\t<div class=\"elementor-button-wrapper\">\n\t\t\t\t\t<a class=\"elementor-button elementor-button-link elementor-size-sm\" href=\"https:\/\/bpm.dfki.de\/kosmox\/konsortium\/continental\/\">\n\t\t\t\t\t\t<span class=\"elementor-button-content-wrapper\">\n\t\t\t\t\t\t\t\t\t<span class=\"elementor-button-text\">Mehr erfahren<\/span>\n\t\t\t\t\t<\/span>\n\t\t\t\t\t<\/a>\n\t\t\t\t<\/div>\n\t\t\t\t\t\t\t\t<\/div>\n\t\t\t\t<\/div>\n\t\t\t\t\t<\/div>\n\t\t<\/div>\n\t\t\t\t<div class=\"elementor-column elementor-col-50 elementor-inner-column elementor-element elementor-element-95f0988\" data-id=\"95f0988\" data-element_type=\"column\" data-e-type=\"column\">\n\t\t\t<div class=\"elementor-widget-wrap elementor-element-populated\">\n\t\t\t\t\t\t<div class=\"elementor-element elementor-element-3ea12aa elementor-widget elementor-widget-text-editor\" data-id=\"3ea12aa\" data-element_type=\"widget\" data-e-type=\"widget\" data-widget_type=\"text-editor.default\">\n\t\t\t\t<div class=\"elementor-widget-container\">\n\t\t\t\t\t\t\t\t\t<p><strong>ContiTech AG<\/strong><\/p>\n<p><!-- \/wp:paragraph --><!-- wp:paragraph --><\/p>\n<p>Ansprechpartner im Projekt: Daniel Kubus<br \/>ContiTech AG<br \/>Vahrenwalder Str. 9, D-30165 Hannover<br \/>Homepage: <a href=\"https:\/\/www.continental-industry.com\/de\" target=\"_blank\" rel=\"noopener\"><span style=\"text-decoration: underline;\">https:\/\/www.continental-industry.com\/de<\/span><\/a><\/p>\t\t\t\t\t\t\t\t<\/div>\n\t\t\t\t<\/div>\n\t\t\t\t\t<\/div>\n\t\t<\/div>\n\t\t\t\t\t<\/div>\n\t\t<\/section>\n\t\t\t\t\t<\/div>\n\t\t<\/div>\n\t\t\t\t\t<\/div>\n\t\t<\/section>\n\t\t\t\t<\/div>\n\t\t","protected":false},"excerpt":{"rendered":"<p>Konsortium Mehr erfahren Deutsches Forschungszentrum f\u00fcr K\u00fcnstliche Intelligenz (DFKI) GmbH Institut f\u00fcr Wirtschaftsinformatik (IWi) Ansprechpartner im Projekt: Nijat Mehdiyev, Lea G\u00f6tzCampus D 3.2, D-66123 Saarbr\u00fcckenHomepage: https:\/\/www.dfki.de\/ Mehr erfahren Fraunhofer IOSB-INAInstitutsteil f\u00fcr industrielle Automation INA des Fraunhofer IOSB Ansprechpartner im Projekt: Alexander Diedrich, Kaja BalzereitCampusallee 1, D-32657 LemgoHomepage: https:\/\/www.iosb-ina.fraunhofer.de\/ Mehr erfahren ContiTech AG Ansprechpartner im Projekt: [&hellip;]<\/p>\n","protected":false},"author":1,"featured_media":0,"parent":0,"menu_order":1,"comment_status":"closed","ping_status":"closed","template":"","meta":{"footnotes":""},"class_list":["post-481","page","type-page","status-publish","hentry"],"_links":{"self":[{"href":"https:\/\/bpm.dfki.de\/kosmox\/wp-json\/wp\/v2\/pages\/481","targetHints":{"allow":["GET"]}}],"collection":[{"href":"https:\/\/bpm.dfki.de\/kosmox\/wp-json\/wp\/v2\/pages"}],"about":[{"href":"https:\/\/bpm.dfki.de\/kosmox\/wp-json\/wp\/v2\/types\/page"}],"author":[{"embeddable":true,"href":"https:\/\/bpm.dfki.de\/kosmox\/wp-json\/wp\/v2\/users\/1"}],"replies":[{"embeddable":true,"href":"https:\/\/bpm.dfki.de\/kosmox\/wp-json\/wp\/v2\/comments?post=481"}],"version-history":[{"count":46,"href":"https:\/\/bpm.dfki.de\/kosmox\/wp-json\/wp\/v2\/pages\/481\/revisions"}],"predecessor-version":[{"id":7974,"href":"https:\/\/bpm.dfki.de\/kosmox\/wp-json\/wp\/v2\/pages\/481\/revisions\/7974"}],"wp:attachment":[{"href":"https:\/\/bpm.dfki.de\/kosmox\/wp-json\/wp\/v2\/media?parent=481"}],"curies":[{"name":"wp","href":"https:\/\/api.w.org\/{rel}","templated":true}]}}