{"id":465,"date":"2021-07-12T13:07:54","date_gmt":"2021-07-12T13:07:54","guid":{"rendered":"http:\/\/134.96.72.80\/?page_id=465"},"modified":"2022-09-22T08:44:07","modified_gmt":"2022-09-22T08:44:07","slug":"kosmox","status":"publish","type":"page","link":"https:\/\/bpm.dfki.de\/kosmox\/","title":{"rendered":"Home"},"content":{"rendered":"\t\t<div data-elementor-type=\"wp-page\" data-elementor-id=\"465\" class=\"elementor elementor-465\">\n\t\t\t\t\t\t<section class=\"elementor-section elementor-top-section elementor-element elementor-element-a23a247 elementor-section-boxed elementor-section-height-default elementor-section-height-default\" data-id=\"a23a247\" data-element_type=\"section\" data-e-type=\"section\">\n\t\t\t\t\t\t<div class=\"elementor-container elementor-column-gap-default\">\n\t\t\t\t\t<div class=\"elementor-column elementor-col-100 elementor-top-column elementor-element elementor-element-96d19b5\" data-id=\"96d19b5\" data-element_type=\"column\" data-e-type=\"column\">\n\t\t\t<div class=\"elementor-widget-wrap elementor-element-populated\">\n\t\t\t\t\t\t<div class=\"elementor-element elementor-element-0da9fe2 elementor-widget elementor-widget-text-editor\" data-id=\"0da9fe2\" data-element_type=\"widget\" data-e-type=\"widget\" data-widget_type=\"text-editor.default\">\n\t\t\t\t<div class=\"elementor-widget-container\">\n\t\t\t\t\t\t\t\t\t<h1>KOSMOX<\/h1>\t\t\t\t\t\t\t\t<\/div>\n\t\t\t\t<\/div>\n\t\t\t\t<div class=\"elementor-element elementor-element-f345b1f elementor-widget elementor-widget-spacer\" data-id=\"f345b1f\" data-element_type=\"widget\" data-e-type=\"widget\" data-widget_type=\"spacer.default\">\n\t\t\t\t<div class=\"elementor-widget-container\">\n\t\t\t\t\t\t\t<div class=\"elementor-spacer\">\n\t\t\t<div class=\"elementor-spacer-inner\"><\/div>\n\t\t<\/div>\n\t\t\t\t\t\t<\/div>\n\t\t\t\t<\/div>\n\t\t\t\t<div class=\"elementor-element elementor-element-de70fcf elementor-widget elementor-widget-image\" data-id=\"de70fcf\" data-element_type=\"widget\" data-e-type=\"widget\" data-widget_type=\"image.default\">\n\t\t\t\t<div class=\"elementor-widget-container\">\n\t\t\t\t\t\t\t\t\t\t\t\t\t\t\t<img decoding=\"async\" width=\"300\" height=\"99\" src=\"https:\/\/bpm.dfki.de\/kosmox\/wp-content\/uploads\/sites\/2\/2022\/03\/Logo2-e1647356610649-300x99.jpg\" class=\"attachment-medium size-medium wp-image-7898\" alt=\"\" srcset=\"https:\/\/bpm.dfki.de\/kosmox\/wp-content\/uploads\/sites\/2\/2022\/03\/Logo2-e1647356610649-300x99.jpg 300w, https:\/\/bpm.dfki.de\/kosmox\/wp-content\/uploads\/sites\/2\/2022\/03\/Logo2-e1647356610649.jpg 576w\" sizes=\"(max-width: 300px) 100vw, 300px\" \/>\t\t\t\t\t\t\t\t\t\t\t\t\t\t\t<\/div>\n\t\t\t\t<\/div>\n\t\t\t\t<div class=\"elementor-element elementor-element-857ef1a elementor-widget elementor-widget-text-editor\" data-id=\"857ef1a\" data-element_type=\"widget\" data-e-type=\"widget\" data-widget_type=\"text-editor.default\">\n\t\t\t\t<div class=\"elementor-widget-container\">\n\t\t\t\t\t\t\t\t\t<h2>Entwicklung einer neuartigen lokalen kontrafaktischen Erkl\u00e4rungsmethode und &#8211; Schnittstelle unter Ber\u00fccksichtigung kognitiver Modellierungsans\u00e4tze<\/h2>\t\t\t\t\t\t\t\t<\/div>\n\t\t\t\t<\/div>\n\t\t\t\t<div class=\"elementor-element elementor-element-f183087 elementor-widget elementor-widget-text-editor\" data-id=\"f183087\" data-element_type=\"widget\" data-e-type=\"widget\" data-widget_type=\"text-editor.default\">\n\t\t\t\t<div class=\"elementor-widget-container\">\n\t\t\t\t\t\t\t\t\t<ul class=\"has-large-font-size\">\n<li style=\"text-align: justify;\">F\u00f6rderkennzeichen: 01IS19082A<\/li>\n<li style=\"text-align: justify;\">Laufzeit: 01.01.2020 &#8211; 31.12.2021<\/li>\n<li style=\"text-align: justify;\">Gesamtf\u00f6rdersumme: 1.002.223,00 \u20ac<\/li>\n<\/ul>\t\t\t\t\t\t\t\t<\/div>\n\t\t\t\t<\/div>\n\t\t\t\t<div class=\"elementor-element elementor-element-c2474ed elementor-widget elementor-widget-text-editor\" data-id=\"c2474ed\" data-element_type=\"widget\" data-e-type=\"widget\" data-widget_type=\"text-editor.default\">\n\t\t\t\t<div class=\"elementor-widget-container\">\n\t\t\t\t\t\t\t\t\t<p style=\"text-align: justify;\">Durch die enormen Fortschritte im Bereich K\u00fcnstliche Intelligenz (KI) in den letzten Jahren kommen zunehmend mehr dieser KI-Technologien zum Einsatz<span style=\"text-decoration: underline;\">,<\/span> vor allem im Bereich des maschinellen Lernens (ML) k\u00f6nnen sie den Anwendern als Entscheidungsunterst\u00fctzung dienen. Zur Analyse der Daten und somit der Nutzung der Technologie ist dabei eine nachgelagerte \u00dcberpr\u00fcfung, Validierung und Interpretation der Ergebnisse seitens des Anwenders notwendig<span style=\"text-decoration: underline;\">,<\/span> aufgrund des Black-Box-Charakters fehlt es allerdings aktuell an Transparenz und Erkl\u00e4rbarkeit. Ein robustes Explainable Artificial Intelligence (XAI)-System soll den Entscheidungstr\u00e4ger darin unterst\u00fctzen, die vom System getroffenen Entscheidungen zu verstehen und Verbesserungspotenziale aufzeigen, um in Zukunft auf Grundlage des eingesetzten ML-Models ein gew\u00fcnschtes Ergebnis zu erzielen. Zur Gew\u00e4hrleistung dieser Funktionen soll im Projektvorhaben ein lokales post-hoc Erkl\u00e4rungssystem entwickelt werden. Dieses zeichnet sich durch eine semantische Integration zweier komplement\u00e4rer Erkl\u00e4rungsans\u00e4tze, lokal regelbasiert und simulationsbasiert kausal, aus. Im Rahmen des KOSMOX Vorhabens soll unter Einbezug der Erkenntnisse aus den Kognitions-, IS-, Organisationswissenschaften, HCI und der Verhaltens\u00f6konomie eine Erkl\u00e4rungsschnittstelle entwickelt werden. Diese soll eine interaktive Kommunikation zwischen dem End-User und den eingesetzten KI-Techniken bzw. deren Erkl\u00e4rungen erm\u00f6glichen. Der Anwender soll darin unterst\u00fctzt werden, die ML-Ergebnisse f\u00fcr den Entscheidungsfindungsprozess nachzuvollziehen bzw. zu verstehen.<\/p>\t\t\t\t\t\t\t\t<\/div>\n\t\t\t\t<\/div>\n\t\t\t\t<div class=\"elementor-element elementor-element-eb2a57d elementor-widget elementor-widget-text-editor\" data-id=\"eb2a57d\" data-element_type=\"widget\" data-e-type=\"widget\" data-widget_type=\"text-editor.default\">\n\t\t\t\t<div class=\"elementor-widget-container\">\n\t\t\t\t\t\t\t\t\t<h2><a href=\"https:\/\/bpm.dfki.de\/kosmox\/aktuelles\/\">Aktuelles<\/a><\/h2>\t\t\t\t\t\t\t\t<\/div>\n\t\t\t\t<\/div>\n\t\t\t\t<div class=\"elementor-element elementor-element-c5980e1 elementor-grid-4 elementor-grid-tablet-2 elementor-grid-mobile-1 elementor-widget elementor-widget-elementor-blog-posts\" data-id=\"c5980e1\" data-element_type=\"widget\" data-e-type=\"widget\" data-settings=\"{&quot;columns&quot;:&quot;4&quot;,&quot;columns_tablet&quot;:&quot;2&quot;,&quot;columns_mobile&quot;:&quot;1&quot;}\" data-widget_type=\"elementor-blog-posts.default\">\n\t\t\t\t<div class=\"elementor-widget-container\">\n\t\t\t\t\t\t\t<div class=\"wpcap-grid\">\n\t\t\t\t\t\t<div class=\"wpcap-grid-container elementor-grid wpcap-grid-desktop-4 wpcap-grid-tablet-2 wpcap-grid-mobile-1\">\n\n\t\t\t\t\n        <article id=\"post-7018\" class=\"wpcap-post post-7018 post type-post status-publish format-standard hentry category-kosmox category-kosmox-news category-uncategorized category-kosmox-publication\">\n         \n            <div class=\"post-grid-inner\">\n            \t\n            \t\n                <div class=\"post-grid-text-wrap\">\n               \t\t\t\t<h4 class=\"title\">\n\t\t\t<a href=\"https:\/\/bpm.dfki.de\/kosmox\/2021\/12\/09\/dx-workshop-2021\/\">DX-Workshop 2021<\/a>\n\t\t<\/h4>\n\t\t\t                \t\t<div class=\"post-grid-meta\">\n\t\t\t\n\t\t\t\t<span class=\"post-date\"><time datetime=\"2021-12-09T10:36:05+00:00\">Dezember 9, 2021<\/time><\/span>\n\n\t\t\t\t\t\t<\/div>\n\t\t\t                \t\t<div class=\"post-grid-excerpt\">\n\t\t\t<p>DX-Workshop 2021 Die Projektmitarbeitenden Kaja Balzereit und Alexander Diedrich haben den DX-Workshop 2021 mitgestaltet:&hellip;<\/p>\n\t\t<\/div>\n\t\t\t                \t\t<a class=\"read-more-btn\" href=\"https:\/\/bpm.dfki.de\/kosmox\/2021\/12\/09\/dx-workshop-2021\/\">Mehr dazu<\/a>\n\t\t                <\/div>\n\n            <\/div><!-- .blog-inner -->\n           \n        <\/article>\n\n        \n        <article id=\"post-7012\" class=\"wpcap-post post-7012 post type-post status-publish format-standard hentry category-kosmox category-kosmox-news category-uncategorized category-kosmox-publication\">\n         \n            <div class=\"post-grid-inner\">\n            \t\n            \t\n                <div class=\"post-grid-text-wrap\">\n               \t\t\t\t<h4 class=\"title\">\n\t\t\t<a href=\"https:\/\/bpm.dfki.de\/kosmox\/2021\/12\/09\/vortrag-zur-anwendung-des-maschinellen-lernens-in-der-automatisierungstechnik\/\">Vortrag zur Anwendung des maschinellen Lernens in der Automatisierungstechnik<\/a>\n\t\t<\/h4>\n\t\t\t                \t\t<div class=\"post-grid-meta\">\n\t\t\t\n\t\t\t\t<span class=\"post-date\"><time datetime=\"2021-12-09T10:33:48+00:00\">Dezember 9, 2021<\/time><\/span>\n\n\t\t\t\t\t\t<\/div>\n\t\t\t                \t\t<div class=\"post-grid-excerpt\">\n\t\t\t<p>Vortrag zur Anwendung des machinellen Lernens in der Automatisierungstechnik Die Projektmitarbeitenden Kaja Balzereit und&hellip;<\/p>\n\t\t<\/div>\n\t\t\t                \t\t<a class=\"read-more-btn\" href=\"https:\/\/bpm.dfki.de\/kosmox\/2021\/12\/09\/vortrag-zur-anwendung-des-maschinellen-lernens-in-der-automatisierungstechnik\/\">Mehr dazu<\/a>\n\t\t                <\/div>\n\n            <\/div><!-- .blog-inner -->\n           \n        <\/article>\n\n        \n        <article id=\"post-7006\" class=\"wpcap-post post-7006 post type-post status-publish format-standard hentry category-kosmox category-kosmox-news category-uncategorized category-kosmox-publication\">\n         \n            <div class=\"post-grid-inner\">\n            \t\n            \t\n                <div class=\"post-grid-text-wrap\">\n               \t\t\t\t<h4 class=\"title\">\n\t\t\t<a href=\"https:\/\/bpm.dfki.de\/kosmox\/2021\/12\/09\/vortrag-zum-thema-vertrauen-in-kuenstliche-intelligenz\/\">Vortrag zum Thema &#8222;Vertrauen in K\u00fcnstliche Intelligenz&#8220;<\/a>\n\t\t<\/h4>\n\t\t\t                \t\t<div class=\"post-grid-meta\">\n\t\t\t\n\t\t\t\t<span class=\"post-date\"><time datetime=\"2021-12-09T10:31:33+00:00\">Dezember 9, 2021<\/time><\/span>\n\n\t\t\t\t\t\t<\/div>\n\t\t\t                \t\t<div class=\"post-grid-excerpt\">\n\t\t\t<p>Vortrag zum Thema &#8222;Vertrauen in K\u00fcnstliche Intelligenz&#8220; Die Projektmitarbeitenden Alexander Diedrich und Kaja vom&hellip;<\/p>\n\t\t<\/div>\n\t\t\t                \t\t<a class=\"read-more-btn\" href=\"https:\/\/bpm.dfki.de\/kosmox\/2021\/12\/09\/vortrag-zum-thema-vertrauen-in-kuenstliche-intelligenz\/\">Mehr dazu<\/a>\n\t\t                <\/div>\n\n            <\/div><!-- .blog-inner -->\n           \n        <\/article>\n\n        \n        <article id=\"post-1815\" class=\"wpcap-post post-1815 post type-post status-publish format-standard hentry category-kosmox category-kosmox-news\">\n         \n            <div class=\"post-grid-inner\">\n            \t\n            \t\n                <div class=\"post-grid-text-wrap\">\n               \t\t\t\t<h4 class=\"title\">\n\t\t\t<a href=\"https:\/\/bpm.dfki.de\/kosmox\/2021\/08\/16\/kick-off-zum-forschungsprojekt\/\">Kick-Off zum Forschungsprojekt<\/a>\n\t\t<\/h4>\n\t\t\t                \t\t<div class=\"post-grid-meta\">\n\t\t\t\n\t\t\t\t<span class=\"post-date\"><time datetime=\"2021-08-16T22:52:42+00:00\">August 16, 2021<\/time><\/span>\n\n\t\t\t\t\t\t<\/div>\n\t\t\t                \t\t<div class=\"post-grid-excerpt\">\n\t\t\t<p>Kick-Off zum Forschungsprojekt Am 28. Januar 2020 fand der offizielle Kick-Off zum Forschungsprojekt in&hellip;<\/p>\n\t\t<\/div>\n\t\t\t                \t\t<a class=\"read-more-btn\" href=\"https:\/\/bpm.dfki.de\/kosmox\/2021\/08\/16\/kick-off-zum-forschungsprojekt\/\">Mehr dazu<\/a>\n\t\t                <\/div>\n\n            <\/div><!-- .blog-inner -->\n           \n        <\/article>\n\n        \n\t\t\t<\/div>\n\t\t<\/div>\n\t\t\t\t\t\t<\/div>\n\t\t\t\t<\/div>\n\t\t\t\t\t<\/div>\n\t\t<\/div>\n\t\t\t\t\t<\/div>\n\t\t<\/section>\n\t\t\t\t<\/div>\n\t\t","protected":false},"excerpt":{"rendered":"<p>KOSMOX Entwicklung einer neuartigen lokalen kontrafaktischen Erkl\u00e4rungsmethode und &#8211; Schnittstelle unter Ber\u00fccksichtigung kognitiver Modellierungsans\u00e4tze F\u00f6rderkennzeichen: 01IS19082A Laufzeit: 01.01.2020 &#8211; 31.12.2021 Gesamtf\u00f6rdersumme: 1.002.223,00 \u20ac Durch die enormen Fortschritte im Bereich K\u00fcnstliche Intelligenz (KI) in den letzten Jahren kommen zunehmend mehr dieser KI-Technologien zum Einsatz, vor allem im Bereich des maschinellen Lernens (ML) k\u00f6nnen sie den Anwendern [&hellip;]<\/p>\n","protected":false},"author":1,"featured_media":0,"parent":0,"menu_order":0,"comment_status":"closed","ping_status":"closed","template":"","meta":{"footnotes":""},"class_list":["post-465","page","type-page","status-publish","hentry"],"_links":{"self":[{"href":"https:\/\/bpm.dfki.de\/kosmox\/wp-json\/wp\/v2\/pages\/465","targetHints":{"allow":["GET"]}}],"collection":[{"href":"https:\/\/bpm.dfki.de\/kosmox\/wp-json\/wp\/v2\/pages"}],"about":[{"href":"https:\/\/bpm.dfki.de\/kosmox\/wp-json\/wp\/v2\/types\/page"}],"author":[{"embeddable":true,"href":"https:\/\/bpm.dfki.de\/kosmox\/wp-json\/wp\/v2\/users\/1"}],"replies":[{"embeddable":true,"href":"https:\/\/bpm.dfki.de\/kosmox\/wp-json\/wp\/v2\/comments?post=465"}],"version-history":[{"count":270,"href":"https:\/\/bpm.dfki.de\/kosmox\/wp-json\/wp\/v2\/pages\/465\/revisions"}],"predecessor-version":[{"id":7934,"href":"https:\/\/bpm.dfki.de\/kosmox\/wp-json\/wp\/v2\/pages\/465\/revisions\/7934"}],"wp:attachment":[{"href":"https:\/\/bpm.dfki.de\/kosmox\/wp-json\/wp\/v2\/media?parent=465"}],"curies":[{"name":"wp","href":"https:\/\/api.w.org\/{rel}","templated":true}]}}