{"id":2736,"date":"2021-08-18T16:59:37","date_gmt":"2021-08-18T16:59:37","guid":{"rendered":"http:\/\/134.96.72.80\/?page_id=2736"},"modified":"2022-09-22T08:44:11","modified_gmt":"2022-09-22T08:44:11","slug":"team","status":"publish","type":"page","link":"https:\/\/bpm.dfki.de\/kosmox\/team\/","title":{"rendered":"Team"},"content":{"rendered":"\t\t<div data-elementor-type=\"wp-page\" data-elementor-id=\"2736\" class=\"elementor elementor-2736\">\n\t\t\t\t\t\t<section class=\"elementor-section elementor-top-section elementor-element elementor-element-ec3470f elementor-section-boxed elementor-section-height-default elementor-section-height-default\" data-id=\"ec3470f\" data-element_type=\"section\" data-e-type=\"section\">\n\t\t\t\t\t\t<div class=\"elementor-container elementor-column-gap-default\">\n\t\t\t\t\t<div class=\"elementor-column elementor-col-100 elementor-top-column elementor-element elementor-element-fee8af5\" data-id=\"fee8af5\" data-element_type=\"column\" data-e-type=\"column\">\n\t\t\t<div class=\"elementor-widget-wrap elementor-element-populated\">\n\t\t\t\t\t\t<div class=\"elementor-element elementor-element-f53c2e5 elementor-widget elementor-widget-text-editor\" data-id=\"f53c2e5\" data-element_type=\"widget\" data-e-type=\"widget\" data-widget_type=\"text-editor.default\">\n\t\t\t\t<div class=\"elementor-widget-container\">\n\t\t\t\t\t\t\t\t\t<h1 style=\"text-align: center;\">Team<\/h1>\t\t\t\t\t\t\t\t<\/div>\n\t\t\t\t<\/div>\n\t\t\t\t<div class=\"elementor-element elementor-element-edf8388 elementor-widget elementor-widget-spacer\" data-id=\"edf8388\" data-element_type=\"widget\" data-e-type=\"widget\" data-widget_type=\"spacer.default\">\n\t\t\t\t<div class=\"elementor-widget-container\">\n\t\t\t\t\t\t\t<div class=\"elementor-spacer\">\n\t\t\t<div class=\"elementor-spacer-inner\"><\/div>\n\t\t<\/div>\n\t\t\t\t\t\t<\/div>\n\t\t\t\t<\/div>\n\t\t\t\t<section class=\"elementor-section elementor-inner-section elementor-element elementor-element-4993ba5 elementor-section-boxed elementor-section-height-default elementor-section-height-default\" data-id=\"4993ba5\" data-element_type=\"section\" data-e-type=\"section\">\n\t\t\t\t\t\t<div class=\"elementor-container elementor-column-gap-default\">\n\t\t\t\t\t<div class=\"elementor-column elementor-col-33 elementor-inner-column elementor-element elementor-element-a797345\" data-id=\"a797345\" data-element_type=\"column\" data-e-type=\"column\">\n\t\t\t<div class=\"elementor-widget-wrap elementor-element-populated\">\n\t\t\t\t\t\t<div class=\"elementor-element elementor-element-a6489fd elementor-widget elementor-widget-image\" data-id=\"a6489fd\" data-element_type=\"widget\" data-e-type=\"widget\" data-widget_type=\"image.default\">\n\t\t\t\t<div class=\"elementor-widget-container\">\n\t\t\t\t\t\t\t\t\t\t\t\t\t\t\t<img decoding=\"async\" src=\"https:\/\/bpm.dfki.de\/kosmox\/wp-content\/uploads\/sites\/2\/elementor\/thumbs\/Kaja_Balzereit-pg3pgsrdiu522o66sgl2qhd9phym36ubw6l8wuk5u0.png\" title=\"Kaja_Balzereit\" alt=\"Kaja Balzereit Bild\" loading=\"lazy\" \/>\t\t\t\t\t\t\t\t\t\t\t\t\t\t\t<\/div>\n\t\t\t\t<\/div>\n\t\t\t\t\t<\/div>\n\t\t<\/div>\n\t\t\t\t<div class=\"elementor-column elementor-col-66 elementor-inner-column elementor-element elementor-element-5ee0025\" data-id=\"5ee0025\" data-element_type=\"column\" data-e-type=\"column\">\n\t\t\t<div class=\"elementor-widget-wrap elementor-element-populated\">\n\t\t\t\t\t\t<div class=\"elementor-element elementor-element-3c8fb8b elementor-widget elementor-widget-text-editor\" data-id=\"3c8fb8b\" data-element_type=\"widget\" data-e-type=\"widget\" data-widget_type=\"text-editor.default\">\n\t\t\t\t<div class=\"elementor-widget-container\">\n\t\t\t\t\t\t\t\t\t<p style=\"text-align: justify;\"><strong>Kaja Balzereit<\/strong><br \/>Kaja Balzereit, M. Sc., studierte Angewandte Mathematik (B. Sc.), sowie Optimierung und Simulation (M. Sc.) an der Fachhochschule Bielefeld. Seit 2017 arbeitet sie als wissenschaftliche Mitarbeiterin am Fraunhofer IOSB-INA in Lemgo in der Abteilung f\u00fcr Maschinelle Intelligenz. Die Kernthemen ihrer Forschung liegen im Bereich der K\u00fcnstlichen Intelligenz f\u00fcr die automatische Erkennung und Behandlung von Qualit\u00e4tsabweichung und Fehlern in Produktionssystemen.<\/p><p style=\"text-align: justify;\">E-Mail: <span style=\"text-decoration: underline;\"><a href=\"mailto:kaja.balzereit@iosb-ina.fraunhofer.de\">kaja.balzereit(at)iosb-ina.fraunhofer.de<\/a><\/span><\/p>\t\t\t\t\t\t\t\t<\/div>\n\t\t\t\t<\/div>\n\t\t\t\t\t<\/div>\n\t\t<\/div>\n\t\t\t\t\t<\/div>\n\t\t<\/section>\n\t\t\t\t<div class=\"elementor-element elementor-element-14b5367 elementor-widget-divider--view-line elementor-widget elementor-widget-divider\" data-id=\"14b5367\" data-element_type=\"widget\" data-e-type=\"widget\" data-widget_type=\"divider.default\">\n\t\t\t\t<div class=\"elementor-widget-container\">\n\t\t\t\t\t\t\t<div class=\"elementor-divider\">\n\t\t\t<span class=\"elementor-divider-separator\">\n\t\t\t\t\t\t<\/span>\n\t\t<\/div>\n\t\t\t\t\t\t<\/div>\n\t\t\t\t<\/div>\n\t\t\t\t<section class=\"elementor-section elementor-inner-section elementor-element elementor-element-c5dd143 elementor-section-boxed elementor-section-height-default elementor-section-height-default\" data-id=\"c5dd143\" data-element_type=\"section\" data-e-type=\"section\">\n\t\t\t\t\t\t<div class=\"elementor-container elementor-column-gap-default\">\n\t\t\t\t\t<div class=\"elementor-column elementor-col-33 elementor-inner-column elementor-element elementor-element-f214c14\" data-id=\"f214c14\" data-element_type=\"column\" data-e-type=\"column\">\n\t\t\t<div class=\"elementor-widget-wrap elementor-element-populated\">\n\t\t\t\t\t\t<div class=\"elementor-element elementor-element-ac4dbbe elementor-widget elementor-widget-image\" data-id=\"ac4dbbe\" data-element_type=\"widget\" data-e-type=\"widget\" data-widget_type=\"image.default\">\n\t\t\t\t<div class=\"elementor-widget-container\">\n\t\t\t\t\t\t\t\t\t\t\t\t\t\t\t<img decoding=\"async\" src=\"https:\/\/bpm.dfki.de\/kosmox\/wp-content\/uploads\/sites\/2\/elementor\/thumbs\/ADiedrich1-pg3pgsrdiu522o66sgl2qhd9phym36ubw6l8wuk5u0.png\" title=\"Alexander Diedrich\" alt=\"Alexander Diedrich Bild\" loading=\"lazy\" \/>\t\t\t\t\t\t\t\t\t\t\t\t\t\t\t<\/div>\n\t\t\t\t<\/div>\n\t\t\t\t\t<\/div>\n\t\t<\/div>\n\t\t\t\t<div class=\"elementor-column elementor-col-66 elementor-inner-column elementor-element elementor-element-0cb14df\" data-id=\"0cb14df\" data-element_type=\"column\" data-e-type=\"column\">\n\t\t\t<div class=\"elementor-widget-wrap elementor-element-populated\">\n\t\t\t\t\t\t<div class=\"elementor-element elementor-element-a004e07 elementor-widget elementor-widget-text-editor\" data-id=\"a004e07\" data-element_type=\"widget\" data-e-type=\"widget\" data-widget_type=\"text-editor.default\">\n\t\t\t\t<div class=\"elementor-widget-container\">\n\t\t\t\t\t\t\t\t\t<p style=\"text-align: justify;\"><strong>Alexander Diedrich<\/strong><br \/>Nach seiner Ausbildung zum Systeminformatiker bei Phoenix Contact Electronics studierte Alexander Diedrich Technische Informatik (B.Sc.) und Information Technology (M.Sc.) and der Technischen Hochschule Ostwestfalen-Lippe. Seit 2013 arbeitet er am Fraunhofer IOSB Institutsteil Industrielle Automation als Wissenschaftlicher Mitarbeiter und war von 2016 bis 2018 Visiting Researcher am Palo Alto Research Center. Seine Forschungsinteressen beinhalten Maschinelles Lernen im industriellen Umfeld, konsistenzbasierte Diagnose und das automatische Erkennen von kausalen Zusammenh\u00e4ngen. Derzeit promoviert er im Bereich der automatischen Fehlerdiagnose an der Helmut-Schmidt-Universit\u00e4t.<\/p><p>E-Mail: <span style=\"text-decoration: underline;\"><a href=\"mailto:alexander.diedrich@iosb-ina.fraunhofer.de\">alexander.diedrich(at)iosb-ina.fraunhofer.de<\/a><\/span><\/p>\t\t\t\t\t\t\t\t<\/div>\n\t\t\t\t<\/div>\n\t\t\t\t\t<\/div>\n\t\t<\/div>\n\t\t\t\t\t<\/div>\n\t\t<\/section>\n\t\t\t\t<div class=\"elementor-element elementor-element-0505aa9 elementor-widget-divider--view-line elementor-widget elementor-widget-divider\" data-id=\"0505aa9\" data-element_type=\"widget\" data-e-type=\"widget\" data-widget_type=\"divider.default\">\n\t\t\t\t<div class=\"elementor-widget-container\">\n\t\t\t\t\t\t\t<div class=\"elementor-divider\">\n\t\t\t<span class=\"elementor-divider-separator\">\n\t\t\t\t\t\t<\/span>\n\t\t<\/div>\n\t\t\t\t\t\t<\/div>\n\t\t\t\t<\/div>\n\t\t\t\t<section class=\"elementor-section elementor-inner-section elementor-element elementor-element-6abb09d elementor-section-boxed elementor-section-height-default elementor-section-height-default\" data-id=\"6abb09d\" data-element_type=\"section\" data-e-type=\"section\">\n\t\t\t\t\t\t<div class=\"elementor-container elementor-column-gap-default\">\n\t\t\t\t\t<div class=\"elementor-column elementor-col-33 elementor-inner-column elementor-element elementor-element-9906c2e\" data-id=\"9906c2e\" data-element_type=\"column\" data-e-type=\"column\">\n\t\t\t<div class=\"elementor-widget-wrap elementor-element-populated\">\n\t\t\t\t\t\t<div class=\"elementor-element elementor-element-3ef860f elementor-widget elementor-widget-image\" data-id=\"3ef860f\" data-element_type=\"widget\" data-e-type=\"widget\" data-widget_type=\"image.default\">\n\t\t\t\t<div class=\"elementor-widget-container\">\n\t\t\t\t\t\t\t\t\t\t\t\t\t\t\t<img decoding=\"async\" src=\"https:\/\/bpm.dfki.de\/kosmox\/wp-content\/uploads\/sites\/2\/elementor\/thumbs\/Daniel_Kubus-pg3pgun1wi7mpw3ghhebvgw6w9pcil1skfw7vehdhk.png\" title=\"Daniel_Kubus\" alt=\"Daniel Kubus Bild\" loading=\"lazy\" \/>\t\t\t\t\t\t\t\t\t\t\t\t\t\t\t<\/div>\n\t\t\t\t<\/div>\n\t\t\t\t\t<\/div>\n\t\t<\/div>\n\t\t\t\t<div class=\"elementor-column elementor-col-66 elementor-inner-column elementor-element elementor-element-2c522e5\" data-id=\"2c522e5\" data-element_type=\"column\" data-e-type=\"column\">\n\t\t\t<div class=\"elementor-widget-wrap elementor-element-populated\">\n\t\t\t\t\t\t<div class=\"elementor-element elementor-element-6e7b095 elementor-widget elementor-widget-text-editor\" data-id=\"6e7b095\" data-element_type=\"widget\" data-e-type=\"widget\" data-widget_type=\"text-editor.default\">\n\t\t\t\t<div class=\"elementor-widget-container\">\n\t\t\t\t\t\t\t\t\t<p style=\"text-align: justify;\"><span data-contrast=\"auto\"><strong>Daniel Kubus<\/strong><br \/>Daniel Kubus leitet das Kompetenzzentrum f\u00fcr Big Data und Advanced Analytics bei der ContiTech AG, einem der weltweit gr\u00f6\u00dften Hersteller von klassischen und smarten Produkten aus Kautschuk und Kunststoff au\u00dferhalb der Reifenindustrie.<br \/><\/span><span data-contrast=\"auto\">Seine projektbezogenen Interessen umfassen Methoden des maschinellen Lernens in der Bild- und Signalverarbeitung f\u00fcr die Fertigungsindustrie sowie Self-Service Analytics im Produktionsumfeld.<\/span><\/p><p>E-Mail: <span style=\"text-decoration: underline;\"><a href=\"mailto:daniel.kubus@contitech.de\">daniel.kubus(at)contitech.de<\/a><\/span><\/p>\t\t\t\t\t\t\t\t<\/div>\n\t\t\t\t<\/div>\n\t\t\t\t\t<\/div>\n\t\t<\/div>\n\t\t\t\t\t<\/div>\n\t\t<\/section>\n\t\t\t\t<div class=\"elementor-element elementor-element-a2b715e elementor-widget-divider--view-line elementor-widget elementor-widget-divider\" data-id=\"a2b715e\" data-element_type=\"widget\" data-e-type=\"widget\" data-widget_type=\"divider.default\">\n\t\t\t\t<div class=\"elementor-widget-container\">\n\t\t\t\t\t\t\t<div class=\"elementor-divider\">\n\t\t\t<span class=\"elementor-divider-separator\">\n\t\t\t\t\t\t<\/span>\n\t\t<\/div>\n\t\t\t\t\t\t<\/div>\n\t\t\t\t<\/div>\n\t\t\t\t<section class=\"elementor-section elementor-inner-section elementor-element elementor-element-94a6c17 elementor-section-boxed elementor-section-height-default elementor-section-height-default\" data-id=\"94a6c17\" data-element_type=\"section\" data-e-type=\"section\">\n\t\t\t\t\t\t<div class=\"elementor-container elementor-column-gap-default\">\n\t\t\t\t\t<div class=\"elementor-column elementor-col-33 elementor-inner-column elementor-element elementor-element-bd12e87\" data-id=\"bd12e87\" data-element_type=\"column\" data-e-type=\"column\">\n\t\t\t<div class=\"elementor-widget-wrap elementor-element-populated\">\n\t\t\t\t\t\t<div class=\"elementor-element elementor-element-e30b6eb elementor-widget elementor-widget-image\" data-id=\"e30b6eb\" data-element_type=\"widget\" data-e-type=\"widget\" data-widget_type=\"image.default\">\n\t\t\t\t<div class=\"elementor-widget-container\">\n\t\t\t\t\t\t\t\t\t\t\t\t\t\t\t<img decoding=\"async\" src=\"https:\/\/bpm.dfki.de\/kosmox\/wp-content\/uploads\/sites\/2\/elementor\/thumbs\/Zuschnitt_Lea_Mayer-500x500-1-pg3pgm6i6zw1tefquvqor111jsv1lb47ja0ujwtx1k.jpg\" title=\"Zuschnitt_Lea_Mayer-500&#215;500-1\" alt=\"Lea Mayer Foto\" loading=\"lazy\" \/>\t\t\t\t\t\t\t\t\t\t\t\t\t\t\t<\/div>\n\t\t\t\t<\/div>\n\t\t\t\t\t<\/div>\n\t\t<\/div>\n\t\t\t\t<div class=\"elementor-column elementor-col-66 elementor-inner-column elementor-element elementor-element-e84b26a\" data-id=\"e84b26a\" data-element_type=\"column\" data-e-type=\"column\">\n\t\t\t<div class=\"elementor-widget-wrap elementor-element-populated\">\n\t\t\t\t\t\t<div class=\"elementor-element elementor-element-616833b elementor-widget elementor-widget-text-editor\" data-id=\"616833b\" data-element_type=\"widget\" data-e-type=\"widget\" data-widget_type=\"text-editor.default\">\n\t\t\t\t<div class=\"elementor-widget-container\">\n\t\t\t\t\t\t\t\t\t<p dir=\"ltr\" data-placeholder=\"\u00dcbersetzung\"><strong>Lea G\u00f6tz<br \/><\/strong><span class=\"Y2IQFc\" lang=\"de\">Lea G\u00f6tz ist seit 2019 wissenschaftliche Mitarbeiterin am Institut f\u00fcr Wirtschaftsinformatik (IWi) des Deutschen Forschungszentrums f\u00fcr K\u00fcnstliche Intelligenz (DFKI). Sie hat 2016 ihren Bachelor in Wirtschaftsingenieurwesen mit Schwerpunkt Maschinenbau und ihren Master mit Auszeichnung 2018 im gleichen Fach an der Technischen Universit\u00e4t Kaiserslautern abgeschlossen. Sie verfolgt derzeit auch ihren Ph.D. in Wirtschaftsinformatik am Institut f\u00fcr Wirtschaftsinformatik (IWi) der Universit\u00e4t des Saarlandes. Mit ihrem ingenieurwissenschaftlichen Hintergrund arbeitet sie an (Gesch\u00e4fts-)Prozessanalytik und pr\u00e4diktiver Prozess\u00fcberwachung im industriellen Umfeld. Im Fokus steht die Entwicklung von Konzepten zur Prozess- und Nutzerunterst\u00fctzung unter Einsatz von Technologien der k\u00fcnstlichen Intelligenz (KI).<\/span><\/p><p style=\"text-align: justify;\">E-Mail: <span style=\"text-decoration: underline;\"><a href=\"mailto:lea.goetz@dfki.de\">lea.goetz(at)dfki.de<\/a><\/span><\/p>\t\t\t\t\t\t\t\t<\/div>\n\t\t\t\t<\/div>\n\t\t\t\t\t<\/div>\n\t\t<\/div>\n\t\t\t\t\t<\/div>\n\t\t<\/section>\n\t\t\t\t<div class=\"elementor-element elementor-element-2fe80ef elementor-widget-divider--view-line elementor-widget elementor-widget-divider\" data-id=\"2fe80ef\" data-element_type=\"widget\" data-e-type=\"widget\" data-widget_type=\"divider.default\">\n\t\t\t\t<div class=\"elementor-widget-container\">\n\t\t\t\t\t\t\t<div class=\"elementor-divider\">\n\t\t\t<span class=\"elementor-divider-separator\">\n\t\t\t\t\t\t<\/span>\n\t\t<\/div>\n\t\t\t\t\t\t<\/div>\n\t\t\t\t<\/div>\n\t\t\t\t<section class=\"elementor-section elementor-inner-section elementor-element elementor-element-6df2398 elementor-section-boxed elementor-section-height-default elementor-section-height-default\" data-id=\"6df2398\" data-element_type=\"section\" data-e-type=\"section\">\n\t\t\t\t\t\t<div class=\"elementor-container elementor-column-gap-default\">\n\t\t\t\t\t<div class=\"elementor-column elementor-col-33 elementor-inner-column elementor-element elementor-element-acf786d\" data-id=\"acf786d\" data-element_type=\"column\" data-e-type=\"column\">\n\t\t\t<div class=\"elementor-widget-wrap elementor-element-populated\">\n\t\t\t\t\t\t<div class=\"elementor-element elementor-element-e606e66 elementor-widget elementor-widget-image\" data-id=\"e606e66\" data-element_type=\"widget\" data-e-type=\"widget\" data-widget_type=\"image.default\">\n\t\t\t\t<div class=\"elementor-widget-container\">\n\t\t\t\t\t\t\t\t\t\t\t\t\t\t\t<img decoding=\"async\" src=\"https:\/\/bpm.dfki.de\/kosmox\/wp-content\/uploads\/sites\/2\/elementor\/thumbs\/Ausschnitt_Nijat_Mehdiyev-500x500-1-pg3pgm6i6zw1tefquvqor111jsv1lb47ja0ujwtx1k.jpg\" title=\"Ausschnitt_Nijat_Mehdiyev-500&#215;500-1\" alt=\"Ausschnitt_Nijat_Mehdiyev-500x500-1\" loading=\"lazy\" \/>\t\t\t\t\t\t\t\t\t\t\t\t\t\t\t<\/div>\n\t\t\t\t<\/div>\n\t\t\t\t\t<\/div>\n\t\t<\/div>\n\t\t\t\t<div class=\"elementor-column elementor-col-66 elementor-inner-column elementor-element elementor-element-7b4d640\" data-id=\"7b4d640\" data-element_type=\"column\" data-e-type=\"column\">\n\t\t\t<div class=\"elementor-widget-wrap elementor-element-populated\">\n\t\t\t\t\t\t<div class=\"elementor-element elementor-element-44e32c8 elementor-widget elementor-widget-text-editor\" data-id=\"44e32c8\" data-element_type=\"widget\" data-e-type=\"widget\" data-widget_type=\"text-editor.default\">\n\t\t\t\t<div class=\"elementor-widget-container\">\n\t\t\t\t\t\t\t\t\t<p id=\"tw-target-text\" class=\"tw-data-text tw-text-large XcVN5d tw-ta\" dir=\"ltr\" style=\"text-align: justify;\" data-placeholder=\"\u00dcbersetzung\"><span class=\"Y2IQFc\" lang=\"de\"><strong>Nijat Mehdiyev<\/strong><br \/>Nijat Mehdiyev ist seit 2015 wissenschaftlicher Mitarbeiter am Institut f\u00fcr Wirtschaftsinformatik (IWi) des Deutschen Forschungszentrums f\u00fcr K\u00fcnstliche Intelligenz (DFKI). Er hat seinen Bachelor in Wirtschaftsinformatik an der Universit\u00e4t Siegen und einen Master mit Auszeichnung in Finance and Information Management (FIM) an der TU M\u00fcnchen und der Universit\u00e4t Augsburg erworben. Er verfolgt derzeit auch seinen Ph.D. in Wirtschaftsinformatik am Institut f\u00fcr Wirtschaftsinformatik (IWi) der Universit\u00e4t des Saarlandes. Seine Forschungsinteressen liegen im Bereich pr\u00e4diktive Prozess\u00fcberwachung, datengesteuerte Entscheidungsfindung und erkl\u00e4rbare k\u00fcnstliche Intelligenz. Er engagiert sich aktiv in nationalen Forschungsprojekten im Bereich Industrie 4.0 und ist Co-Autor mehrerer wissenschaftlicher Publikationen.<\/span><\/p><p dir=\"ltr\" style=\"text-align: justify;\" data-placeholder=\"\u00dcbersetzung\">E-Mail: <span style=\"text-decoration: underline;\"><a href=\"mailto:nijat.mehdiyev@dfki.de\">nijat.mehdiyev<\/a><a href=\"mailto:daniel.kubus@contitech.de\">(at)<\/a>dfki.de<\/span><\/p>\t\t\t\t\t\t\t\t<\/div>\n\t\t\t\t<\/div>\n\t\t\t\t\t<\/div>\n\t\t<\/div>\n\t\t\t\t\t<\/div>\n\t\t<\/section>\n\t\t\t\t\t<\/div>\n\t\t<\/div>\n\t\t\t\t\t<\/div>\n\t\t<\/section>\n\t\t\t\t<\/div>\n\t\t","protected":false},"excerpt":{"rendered":"<p>Team Kaja BalzereitKaja Balzereit, M. Sc., studierte Angewandte Mathematik (B. Sc.), sowie Optimierung und Simulation (M. Sc.) an der Fachhochschule Bielefeld. Seit 2017 arbeitet sie als wissenschaftliche Mitarbeiterin am Fraunhofer IOSB-INA in Lemgo in der Abteilung f\u00fcr Maschinelle Intelligenz. Die Kernthemen ihrer Forschung liegen im Bereich der K\u00fcnstlichen Intelligenz f\u00fcr die automatische Erkennung und Behandlung [&hellip;]<\/p>\n","protected":false},"author":1,"featured_media":68,"parent":0,"menu_order":1,"comment_status":"closed","ping_status":"closed","template":"","meta":{"footnotes":""},"class_list":["post-2736","page","type-page","status-publish","has-post-thumbnail","hentry"],"_links":{"self":[{"href":"https:\/\/bpm.dfki.de\/kosmox\/wp-json\/wp\/v2\/pages\/2736","targetHints":{"allow":["GET"]}}],"collection":[{"href":"https:\/\/bpm.dfki.de\/kosmox\/wp-json\/wp\/v2\/pages"}],"about":[{"href":"https:\/\/bpm.dfki.de\/kosmox\/wp-json\/wp\/v2\/types\/page"}],"author":[{"embeddable":true,"href":"https:\/\/bpm.dfki.de\/kosmox\/wp-json\/wp\/v2\/users\/1"}],"replies":[{"embeddable":true,"href":"https:\/\/bpm.dfki.de\/kosmox\/wp-json\/wp\/v2\/comments?post=2736"}],"version-history":[{"count":62,"href":"https:\/\/bpm.dfki.de\/kosmox\/wp-json\/wp\/v2\/pages\/2736\/revisions"}],"predecessor-version":[{"id":7980,"href":"https:\/\/bpm.dfki.de\/kosmox\/wp-json\/wp\/v2\/pages\/2736\/revisions\/7980"}],"wp:featuredmedia":[{"embeddable":true,"href":"https:\/\/bpm.dfki.de\/kosmox\/wp-json\/wp\/v2\/media\/68"}],"wp:attachment":[{"href":"https:\/\/bpm.dfki.de\/kosmox\/wp-json\/wp\/v2\/media?parent=2736"}],"curies":[{"name":"wp","href":"https:\/\/api.w.org\/{rel}","templated":true}]}}