{"id":1198,"date":"2021-07-29T06:42:45","date_gmt":"2021-07-29T06:42:45","guid":{"rendered":"http:\/\/134.96.72.80\/?page_id=1198"},"modified":"2022-09-22T08:44:09","modified_gmt":"2022-09-22T08:44:09","slug":"continental","status":"publish","type":"page","link":"https:\/\/bpm.dfki.de\/kosmox\/konsortium\/continental\/","title":{"rendered":"Konsortium: ContiTechAG"},"content":{"rendered":"\t\t<div data-elementor-type=\"wp-page\" data-elementor-id=\"1198\" class=\"elementor elementor-1198\">\n\t\t\t\t\t\t<section class=\"elementor-section elementor-top-section elementor-element elementor-element-5eb0b10 elementor-section-boxed elementor-section-height-default elementor-section-height-default\" data-id=\"5eb0b10\" data-element_type=\"section\" data-e-type=\"section\">\n\t\t\t\t\t\t<div class=\"elementor-container elementor-column-gap-default\">\n\t\t\t\t\t<div class=\"elementor-column elementor-col-100 elementor-top-column elementor-element elementor-element-244ad4a\" data-id=\"244ad4a\" data-element_type=\"column\" data-e-type=\"column\">\n\t\t\t<div class=\"elementor-widget-wrap elementor-element-populated\">\n\t\t\t\t\t\t<div class=\"elementor-element elementor-element-4a4bef8 elementor-widget elementor-widget-image\" data-id=\"4a4bef8\" data-element_type=\"widget\" data-e-type=\"widget\" data-widget_type=\"image.default\">\n\t\t\t\t<div class=\"elementor-widget-container\">\n\t\t\t\t\t\t\t\t\t\t\t\t\t\t\t\t<a href=\"https:\/\/www.continental-industry.com\/de\" target=\"_blank\" rel=\"noopener\">\n\t\t\t\t\t\t\t<img decoding=\"async\" width=\"300\" height=\"128\" src=\"https:\/\/bpm.dfki.de\/kosmox\/wp-content\/uploads\/sites\/2\/2021\/09\/ContiTech-scaled-1-300x128.jpg\" class=\"attachment-medium size-medium wp-image-5179\" alt=\"ContiTech Logo\" srcset=\"https:\/\/bpm.dfki.de\/kosmox\/wp-content\/uploads\/sites\/2\/2021\/09\/ContiTech-scaled-1-300x128.jpg 300w, https:\/\/bpm.dfki.de\/kosmox\/wp-content\/uploads\/sites\/2\/2021\/09\/ContiTech-scaled-1-1024x435.jpg 1024w, https:\/\/bpm.dfki.de\/kosmox\/wp-content\/uploads\/sites\/2\/2021\/09\/ContiTech-scaled-1-768x326.jpg 768w, https:\/\/bpm.dfki.de\/kosmox\/wp-content\/uploads\/sites\/2\/2021\/09\/ContiTech-scaled-1-1536x653.jpg 1536w, https:\/\/bpm.dfki.de\/kosmox\/wp-content\/uploads\/sites\/2\/2021\/09\/ContiTech-scaled-1-2048x870.jpg 2048w, https:\/\/bpm.dfki.de\/kosmox\/wp-content\/uploads\/sites\/2\/2021\/09\/ContiTech-scaled-1-1568x666.jpg 1568w\" sizes=\"(max-width: 300px) 100vw, 300px\" \/>\t\t\t\t\t\t\t\t<\/a>\n\t\t\t\t\t\t\t\t\t\t\t\t\t\t\t<\/div>\n\t\t\t\t<\/div>\n\t\t\t\t<div class=\"elementor-element elementor-element-dd514b5 elementor-widget elementor-widget-spacer\" data-id=\"dd514b5\" data-element_type=\"widget\" data-e-type=\"widget\" data-widget_type=\"spacer.default\">\n\t\t\t\t<div class=\"elementor-widget-container\">\n\t\t\t\t\t\t\t<div class=\"elementor-spacer\">\n\t\t\t<div class=\"elementor-spacer-inner\"><\/div>\n\t\t<\/div>\n\t\t\t\t\t\t<\/div>\n\t\t\t\t<\/div>\n\t\t\t\t<div class=\"elementor-element elementor-element-9fbd018 elementor-widget elementor-widget-heading\" data-id=\"9fbd018\" data-element_type=\"widget\" data-e-type=\"widget\" data-widget_type=\"heading.default\">\n\t\t\t\t<div class=\"elementor-widget-container\">\n\t\t\t\t\t<h2 class=\"elementor-heading-title elementor-size-default\">Unsere Aufgaben im Projekt:<\/h2>\t\t\t\t<\/div>\n\t\t\t\t<\/div>\n\t\t\t\t<div class=\"elementor-element elementor-element-2febe61 elementor-widget elementor-widget-text-editor\" data-id=\"2febe61\" data-element_type=\"widget\" data-e-type=\"widget\" data-widget_type=\"text-editor.default\">\n\t\t\t\t<div class=\"elementor-widget-container\">\n\t\t\t\t\t\t\t\t\t<ul><li>Erfassung, Bereitstellung und Qualit\u00e4tskontrolle der ML-Daten<\/li><li>Entwicklung und Implementierung der ML-Modelle<\/li><li>Bereitstellung der Pr\u00fcf- und Testumgebung; Prototypische Umsetzung<\/li><li>Evaluation des Gesamtsystems<\/li><\/ul>\t\t\t\t\t\t\t\t<\/div>\n\t\t\t\t<\/div>\n\t\t\t\t<div class=\"elementor-element elementor-element-54c3461 elementor-widget elementor-widget-heading\" data-id=\"54c3461\" data-element_type=\"widget\" data-e-type=\"widget\" data-widget_type=\"heading.default\">\n\t\t\t\t<div class=\"elementor-widget-container\">\n\t\t\t\t\t<h2 class=\"elementor-heading-title elementor-size-default\">Die Continental AG:<\/h2>\t\t\t\t<\/div>\n\t\t\t\t<\/div>\n\t\t\t\t<div class=\"elementor-element elementor-element-9180632 elementor-widget elementor-widget-text-editor\" data-id=\"9180632\" data-element_type=\"widget\" data-e-type=\"widget\" data-widget_type=\"text-editor.default\">\n\t\t\t\t<div class=\"elementor-widget-container\">\n\t\t\t\t\t\t\t\t\t<p style=\"text-align: justify;\">Der Continental-Konzern gliedert sich in die Unternehmensbereiche Automotive Technologies, Rubber Technologies und Powertrain Technologies. Diese umfassen f\u00fcnf Gesch\u00e4ftsfelder mit insgesamt 21 Gesch\u00e4ftseinheiten (ab 1. Januar 2021). Produktanforderungen, Markttrends, Kundengruppen und Distributionskan\u00e4le bilden die Grundlage f\u00fcr die Zuordnung zu einem Gesch\u00e4ftsfeld bzw. zu einer Gesch\u00e4ftseinheit. Die Gesch\u00e4ftsfelder und Gesch\u00e4ftseinheiten haben eine durchg\u00e4ngige Gesch\u00e4ftsverantwortung einschlie\u00dflich der Ergebnisverantwortung.<br \/>Das rechtlich verselbstst\u00e4ndigte Gesch\u00e4ftsfeld Powertrain firmiert unter dem Namen Vitesco Technologies.<\/p>\t\t\t\t\t\t\t\t<\/div>\n\t\t\t\t<\/div>\n\t\t\t\t<div class=\"elementor-element elementor-element-26a1aac elementor-widget elementor-widget-heading\" data-id=\"26a1aac\" data-element_type=\"widget\" data-e-type=\"widget\" data-widget_type=\"heading.default\">\n\t\t\t\t<div class=\"elementor-widget-container\">\n\t\t\t\t\t<h2 class=\"elementor-heading-title elementor-size-default\">Die ContiTech AG:<\/h2>\t\t\t\t<\/div>\n\t\t\t\t<\/div>\n\t\t\t\t<div class=\"elementor-element elementor-element-04b359e elementor-widget elementor-widget-text-editor\" data-id=\"04b359e\" data-element_type=\"widget\" data-e-type=\"widget\" data-widget_type=\"text-editor.default\">\n\t\t\t\t<div class=\"elementor-widget-container\">\n\t\t\t\t\t\t\t\t\t<p style=\"text-align: justify;\">Die ContiTech AG ist eine Division der 1871 gegr\u00fcndeten Continental AG mit Sitz in Hannover. Als f\u00fchrender Hersteller verschiedenster Kautschuk- und Kunststoffprodukte in Kombination mit Geweben, Metall und Elektronik bietet die ContiTech AG innovative L\u00f6sungen f\u00fcr unterschiedlichste Anwendungen. Die Einsatzgebiete ihrer Produkte erstrecken sich von der Automobil- und Schienenfahrzeugindustrie \u00fcber die Maschinenbauindustrie bis hin zur Lebensmittelherstellung und Medizintechnik. 47.000 Mitarbeiter entwickeln und produzieren diese \u201esmart solutions beyond rubber\u201c vorrangig in Deutschland und Europa. F\u00fcr ihre wegweisenden L\u00f6sungen wurden Continental und die ContiTech AG mit zahlreichen Innovations- und Technologiepreisen ausgezeichnet.\nDie ContiTech AG verf\u00fcgt \u00fcber langj\u00e4hriges Know-How in der praktischen Anwendung von ML-Verfahren und insbesondere deren Industrialisierung, die sie in das Projekt einbringen wird. Zudem stellt sie umfangreiche Datenbanken mit Rohmaterial-, Prozess- und Qualit\u00e4tsdaten sowie eine moderne Laborinfrastruktur f\u00fcr die praktische Evaluierung der entwickelten Verfahren zur Verf\u00fcgung.<\/p>\t\t\t\t\t\t\t\t<\/div>\n\t\t\t\t<\/div>\n\t\t\t\t\t<\/div>\n\t\t<\/div>\n\t\t\t\t\t<\/div>\n\t\t<\/section>\n\t\t\t\t<\/div>\n\t\t","protected":false},"excerpt":{"rendered":"<p>Unsere Aufgaben im Projekt: Erfassung, Bereitstellung und Qualit\u00e4tskontrolle der ML-Daten Entwicklung und Implementierung der ML-Modelle Bereitstellung der Pr\u00fcf- und Testumgebung; Prototypische Umsetzung Evaluation des Gesamtsystems Die Continental AG: Der Continental-Konzern gliedert sich in die Unternehmensbereiche Automotive Technologies, Rubber Technologies und Powertrain Technologies. Diese umfassen f\u00fcnf Gesch\u00e4ftsfelder mit insgesamt 21 Gesch\u00e4ftseinheiten (ab 1. Januar 2021). Produktanforderungen, [&hellip;]<\/p>\n","protected":false},"author":1,"featured_media":0,"parent":481,"menu_order":1,"comment_status":"closed","ping_status":"closed","template":"","meta":{"footnotes":""},"class_list":["post-1198","page","type-page","status-publish","hentry"],"_links":{"self":[{"href":"https:\/\/bpm.dfki.de\/kosmox\/wp-json\/wp\/v2\/pages\/1198","targetHints":{"allow":["GET"]}}],"collection":[{"href":"https:\/\/bpm.dfki.de\/kosmox\/wp-json\/wp\/v2\/pages"}],"about":[{"href":"https:\/\/bpm.dfki.de\/kosmox\/wp-json\/wp\/v2\/types\/page"}],"author":[{"embeddable":true,"href":"https:\/\/bpm.dfki.de\/kosmox\/wp-json\/wp\/v2\/users\/1"}],"replies":[{"embeddable":true,"href":"https:\/\/bpm.dfki.de\/kosmox\/wp-json\/wp\/v2\/comments?post=1198"}],"version-history":[{"count":4,"href":"https:\/\/bpm.dfki.de\/kosmox\/wp-json\/wp\/v2\/pages\/1198\/revisions"}],"predecessor-version":[{"id":7529,"href":"https:\/\/bpm.dfki.de\/kosmox\/wp-json\/wp\/v2\/pages\/1198\/revisions\/7529"}],"up":[{"embeddable":true,"href":"https:\/\/bpm.dfki.de\/kosmox\/wp-json\/wp\/v2\/pages\/481"}],"wp:attachment":[{"href":"https:\/\/bpm.dfki.de\/kosmox\/wp-json\/wp\/v2\/media?parent=1198"}],"curies":[{"name":"wp","href":"https:\/\/api.w.org\/{rel}","templated":true}]}}