{"id":1183,"date":"2021-07-29T06:37:04","date_gmt":"2021-07-29T06:37:04","guid":{"rendered":"http:\/\/134.96.72.80\/?page_id=1183"},"modified":"2022-09-22T08:44:10","modified_gmt":"2022-09-22T08:44:10","slug":"fraunhofer","status":"publish","type":"page","link":"https:\/\/bpm.dfki.de\/kosmox\/konsortium\/fraunhofer\/","title":{"rendered":"Konsortium: Fraunhofer"},"content":{"rendered":"\t\t<div data-elementor-type=\"wp-page\" data-elementor-id=\"1183\" class=\"elementor elementor-1183\">\n\t\t\t\t\t\t<section class=\"elementor-section elementor-top-section elementor-element elementor-element-5eb0b10 elementor-section-boxed elementor-section-height-default elementor-section-height-default\" data-id=\"5eb0b10\" data-element_type=\"section\" data-e-type=\"section\">\n\t\t\t\t\t\t<div class=\"elementor-container elementor-column-gap-default\">\n\t\t\t\t\t<div class=\"elementor-column elementor-col-100 elementor-top-column elementor-element elementor-element-244ad4a\" data-id=\"244ad4a\" data-element_type=\"column\" data-e-type=\"column\">\n\t\t\t<div class=\"elementor-widget-wrap elementor-element-populated\">\n\t\t\t\t\t\t<div class=\"elementor-element elementor-element-4a4bef8 elementor-widget elementor-widget-image\" data-id=\"4a4bef8\" data-element_type=\"widget\" data-e-type=\"widget\" data-widget_type=\"image.default\">\n\t\t\t\t<div class=\"elementor-widget-container\">\n\t\t\t\t\t\t\t\t\t\t\t\t\t\t\t\t<a href=\"https:\/\/www.iosb-ina.fraunhofer.de\/\" target=\"_blank\" rel=\"noopener\">\n\t\t\t\t\t\t\t<img decoding=\"async\" width=\"300\" height=\"140\" src=\"https:\/\/bpm.dfki.de\/kosmox\/wp-content\/uploads\/sites\/2\/2021\/07\/Frauenhofer-e1629982908362.png\" class=\"attachment-full size-full wp-image-483\" alt=\"Frauenhofer-Logo\" \/>\t\t\t\t\t\t\t\t<\/a>\n\t\t\t\t\t\t\t\t\t\t\t\t\t\t\t<\/div>\n\t\t\t\t<\/div>\n\t\t\t\t<div class=\"elementor-element elementor-element-620c909 elementor-widget elementor-widget-spacer\" data-id=\"620c909\" data-element_type=\"widget\" data-e-type=\"widget\" data-widget_type=\"spacer.default\">\n\t\t\t\t<div class=\"elementor-widget-container\">\n\t\t\t\t\t\t\t<div class=\"elementor-spacer\">\n\t\t\t<div class=\"elementor-spacer-inner\"><\/div>\n\t\t<\/div>\n\t\t\t\t\t\t<\/div>\n\t\t\t\t<\/div>\n\t\t\t\t<div class=\"elementor-element elementor-element-56a38ea elementor-widget elementor-widget-heading\" data-id=\"56a38ea\" data-element_type=\"widget\" data-e-type=\"widget\" data-widget_type=\"heading.default\">\n\t\t\t\t<div class=\"elementor-widget-container\">\n\t\t\t\t\t<h2 class=\"elementor-heading-title elementor-size-default\">Unsere Aufgaben im Projekt:<\/h2>\t\t\t\t<\/div>\n\t\t\t\t<\/div>\n\t\t\t\t<div class=\"elementor-element elementor-element-2febe61 elementor-widget elementor-widget-text-editor\" data-id=\"2febe61\" data-element_type=\"widget\" data-e-type=\"widget\" data-widget_type=\"text-editor.default\">\n\t\t\t\t<div class=\"elementor-widget-container\">\n\t\t\t\t\t\t\t\t\t<ul><li>Anforderungsanalyse<\/li><li>Begleitung der ML-Modellerstellung und Optimierung<\/li><li>Ethische und gesellschaftliche Rechtfertigung der Erkl\u00e4rungssysteme<\/li><li>Generierung der Erkl\u00e4rungen mithilfe komplexer Systeme<\/li><\/ul>\t\t\t\t\t\t\t\t<\/div>\n\t\t\t\t<\/div>\n\t\t\t\t<div class=\"elementor-element elementor-element-614eecd elementor-widget elementor-widget-heading\" data-id=\"614eecd\" data-element_type=\"widget\" data-e-type=\"widget\" data-widget_type=\"heading.default\">\n\t\t\t\t<div class=\"elementor-widget-container\">\n\t\t\t\t\t<h2 class=\"elementor-heading-title elementor-size-default\">Die Fraunhofer-Gesellschaft:<\/h2>\t\t\t\t<\/div>\n\t\t\t\t<\/div>\n\t\t\t\t<div class=\"elementor-element elementor-element-8f5b26d elementor-widget elementor-widget-text-editor\" data-id=\"8f5b26d\" data-element_type=\"widget\" data-e-type=\"widget\" data-widget_type=\"text-editor.default\">\n\t\t\t\t<div class=\"elementor-widget-container\">\n\t\t\t\t\t\t\t\t\t<p style=\"text-align: justify;\">Die Fraunhofer-Gesellschaft zur F\u00f6rderung der angewandten Forschung e. V. ist mit \u00fcber 26.000 Mitarbeitern die gr\u00f6\u00dfte Organisation f\u00fcr angewandte Forschungs- und Entwicklungsdienstleistungen in Europa und Teil der au\u00dferuniversit\u00e4ren deutschen Forschungslandschaft.<br \/>Das Fraunhofer IOSB-INA ist Institutsteil f\u00fcr industrielle Automation des Fraunhofer IOSB in Lemgo mit 75 Mitarbeitern. Das Fraunhofer IOSB-INA hat seinen Sitz im CIIT \u2013 Centrum Industrial IT, betreibt die SmartFactoryOWL und setzt einen Fokus auf den Wissens- und Technologietransfer in kleine- und mittelst\u00e4ndische Unternehmen (z.B. BMWI Mittelstand 4.0 Digital in NRW oder BMBF Spitzencluster it`s OWL).<\/p>\t\t\t\t\t\t\t\t<\/div>\n\t\t\t\t<\/div>\n\t\t\t\t<div class=\"elementor-element elementor-element-0aaa7be elementor-widget elementor-widget-heading\" data-id=\"0aaa7be\" data-element_type=\"widget\" data-e-type=\"widget\" data-widget_type=\"heading.default\">\n\t\t\t\t<div class=\"elementor-widget-container\">\n\t\t\t\t\t<h2 class=\"elementor-heading-title elementor-size-default\">Das IOSB-INA:<\/h2>\t\t\t\t<\/div>\n\t\t\t\t<\/div>\n\t\t\t\t<div class=\"elementor-element elementor-element-80fa75c elementor-widget elementor-widget-text-editor\" data-id=\"80fa75c\" data-element_type=\"widget\" data-e-type=\"widget\" data-widget_type=\"text-editor.default\">\n\t\t\t\t<div class=\"elementor-widget-container\">\n\t\t\t\t\t\t\t\t\t<p style=\"text-align: justify;\">Das Fraunhofer IOSB-INA ist Mitglied des Faunhofer Forschungszentrum Maschinelles Lernen. Des Weiteren hat das IOSB-INA die Leitung beim Fraunhofer Leitprojekt \u201eMachine Learning for Production (ML4P)\u201c inne. Durch zahlreiche Projekte mit Industriepartnern konnte die Einsatzreife und Praxistauglichkeit der am Institut entwickelten Verfahren f\u00fcr typische industrielle Anwendungsf\u00e4lle wie Condition Monitoring, Predictive Maintenance oder Fehlerdiagnosen in komplexen technischen Prozessen validiert werden.<\/p>\t\t\t\t\t\t\t\t<\/div>\n\t\t\t\t<\/div>\n\t\t\t\t\t<\/div>\n\t\t<\/div>\n\t\t\t\t\t<\/div>\n\t\t<\/section>\n\t\t\t\t<\/div>\n\t\t","protected":false},"excerpt":{"rendered":"<p>Unsere Aufgaben im Projekt: Anforderungsanalyse Begleitung der ML-Modellerstellung und Optimierung Ethische und gesellschaftliche Rechtfertigung der Erkl\u00e4rungssysteme Generierung der Erkl\u00e4rungen mithilfe komplexer Systeme Die Fraunhofer-Gesellschaft: Die Fraunhofer-Gesellschaft zur F\u00f6rderung der angewandten Forschung e. V. ist mit \u00fcber 26.000 Mitarbeitern die gr\u00f6\u00dfte Organisation f\u00fcr angewandte Forschungs- und Entwicklungsdienstleistungen in Europa und Teil der au\u00dferuniversit\u00e4ren deutschen Forschungslandschaft.Das Fraunhofer [&hellip;]<\/p>\n","protected":false},"author":1,"featured_media":0,"parent":481,"menu_order":1,"comment_status":"closed","ping_status":"closed","template":"","meta":{"footnotes":""},"class_list":["post-1183","page","type-page","status-publish","hentry"],"_links":{"self":[{"href":"https:\/\/bpm.dfki.de\/kosmox\/wp-json\/wp\/v2\/pages\/1183","targetHints":{"allow":["GET"]}}],"collection":[{"href":"https:\/\/bpm.dfki.de\/kosmox\/wp-json\/wp\/v2\/pages"}],"about":[{"href":"https:\/\/bpm.dfki.de\/kosmox\/wp-json\/wp\/v2\/types\/page"}],"author":[{"embeddable":true,"href":"https:\/\/bpm.dfki.de\/kosmox\/wp-json\/wp\/v2\/users\/1"}],"replies":[{"embeddable":true,"href":"https:\/\/bpm.dfki.de\/kosmox\/wp-json\/wp\/v2\/comments?post=1183"}],"version-history":[{"count":7,"href":"https:\/\/bpm.dfki.de\/kosmox\/wp-json\/wp\/v2\/pages\/1183\/revisions"}],"predecessor-version":[{"id":7528,"href":"https:\/\/bpm.dfki.de\/kosmox\/wp-json\/wp\/v2\/pages\/1183\/revisions\/7528"}],"up":[{"embeddable":true,"href":"https:\/\/bpm.dfki.de\/kosmox\/wp-json\/wp\/v2\/pages\/481"}],"wp:attachment":[{"href":"https:\/\/bpm.dfki.de\/kosmox\/wp-json\/wp\/v2\/media?parent=1183"}],"curies":[{"name":"wp","href":"https:\/\/api.w.org\/{rel}","templated":true}]}}