{"id":7218,"date":"2022-02-01T13:06:37","date_gmt":"2022-02-01T13:06:37","guid":{"rendered":"https:\/\/bpm.dfki.de\/adjust\/?page_id=7218"},"modified":"2022-07-13T08:34:14","modified_gmt":"2022-07-13T08:34:14","slug":"swing","status":"publish","type":"page","link":"https:\/\/bpm.dfki.de\/adjust\/konsortium\/swing\/","title":{"rendered":"Konsortium:SWING"},"content":{"rendered":"\t\t<div data-elementor-type=\"wp-page\" data-elementor-id=\"7218\" class=\"elementor elementor-7218\">\n\t\t\t\t\t\t<section class=\"elementor-section elementor-top-section elementor-element elementor-element-5eb0b10 elementor-section-boxed elementor-section-height-default elementor-section-height-default\" data-id=\"5eb0b10\" data-element_type=\"section\" data-e-type=\"section\">\n\t\t\t\t\t\t<div class=\"elementor-container elementor-column-gap-default\">\n\t\t\t\t\t<div class=\"elementor-column elementor-col-100 elementor-top-column elementor-element elementor-element-244ad4a\" data-id=\"244ad4a\" data-element_type=\"column\" data-e-type=\"column\">\n\t\t\t<div class=\"elementor-widget-wrap elementor-element-populated\">\n\t\t\t\t\t\t<div class=\"elementor-element elementor-element-4a4bef8 elementor-widget elementor-widget-image\" data-id=\"4a4bef8\" data-element_type=\"widget\" data-e-type=\"widget\" data-widget_type=\"image.default\">\n\t\t\t\t<div class=\"elementor-widget-container\">\n\t\t\t\t\t\t\t\t\t\t\t\t\t\t\t\t<a href=\"https:\/\/swing-collections.com\/\" target=\"_blank\" rel=\"noopener\">\n\t\t\t\t\t\t\t<img decoding=\"async\" width=\"203\" height=\"45\" src=\"https:\/\/bpm.dfki.de\/adjust\/wp-content\/uploads\/sites\/4\/2022\/02\/Swing.png\" class=\"attachment-full size-full wp-image-7342\" alt=\"\" \/>\t\t\t\t\t\t\t\t<\/a>\n\t\t\t\t\t\t\t\t\t\t\t\t\t\t\t<\/div>\n\t\t\t\t<\/div>\n\t\t\t\t<div class=\"elementor-element elementor-element-620c909 elementor-widget elementor-widget-spacer\" data-id=\"620c909\" data-element_type=\"widget\" data-e-type=\"widget\" data-widget_type=\"spacer.default\">\n\t\t\t\t<div class=\"elementor-widget-container\">\n\t\t\t\t\t\t\t<div class=\"elementor-spacer\">\n\t\t\t<div class=\"elementor-spacer-inner\"><\/div>\n\t\t<\/div>\n\t\t\t\t\t\t<\/div>\n\t\t\t\t<\/div>\n\t\t\t\t<div class=\"elementor-element elementor-element-56a38ea elementor-widget elementor-widget-heading\" data-id=\"56a38ea\" data-element_type=\"widget\" data-e-type=\"widget\" data-widget_type=\"heading.default\">\n\t\t\t\t<div class=\"elementor-widget-container\">\n\t\t\t\t\t<h2 class=\"elementor-heading-title elementor-size-default\">Unsere Aufgaben im Projekt:<\/h2>\t\t\t\t<\/div>\n\t\t\t\t<\/div>\n\t\t\t\t<div class=\"elementor-element elementor-element-2febe61 elementor-widget elementor-widget-text-editor\" data-id=\"2febe61\" data-element_type=\"widget\" data-e-type=\"widget\" data-widget_type=\"text-editor.default\">\n\t\t\t\t<div class=\"elementor-widget-container\">\n\t\t\t\t\t\t\t\t\t<p style=\"text-align: justify;\">SWING \u00fcbernimmt neben Schumacher-Singhoff die Rolle des Anwenders. SWING m\u00f6chte nun im E-Commerce Business Fu\u00df fassen und in diesem Projekt einen Einblick in die von Schumacher im Projekt adressierten Szenarien der Omni-Channel-Prozesse erhalten. Es l\u00e4sst sich auch in der Textilbranche nicht mehr leugnen, dass der Onlinehandel f\u00fcr Bekleidung ein sehr wichtiger Absatzmarkt ist und dieser gewinnbringend genutzt werden sollte. Die st\u00e4ndige Verf\u00fcgbarkeit von Ware bzw. das st\u00e4ndige Aktualisieren von Warenbest\u00e4nden auf den verschiedenen Kan\u00e4len ist nur eine der vielen Herausforderungen des Omni-Channel-Prozesses.<\/p><p style=\"text-align: justify;\">Zu dem kann die reibungslose Verzahnung verschiedener Kan\u00e4le und die Anbindung auf Marktpl\u00e4tze langwierig und kostspielig sein. Durch die Komplexit\u00e4t eines solchen Projektes (und auch aufgrund des zeitlichen sowie finanziellen Aufwands) ist der Wunsch nach einem Konfigurator von Seiten SWINGs sehr gro\u00df. SWING verspricht sich davon eine schnellere, wenig kostenintensive Projekteinf\u00fchrung in komplexe Prozesse. Gleichzeitig bringt SWING eigene Anforderungen und Prozesse zur Referenzprozessgestaltung im Kontext von Produktdatenmanagement ein und erm\u00f6glicht somit die Erprobung eines Prozesskonfigurators in diesem Prozesskontext. Dar\u00fcber hinaus stellt SWING Ausf\u00fchrungsdaten der Unternehmensprozesse f\u00fcr die im Projekt avisierten Prozessanalysen und Process Mining-Aktivit\u00e4ten zur Verf\u00fcgung.<\/p>\t\t\t\t\t\t\t\t<\/div>\n\t\t\t\t<\/div>\n\t\t\t\t<div class=\"elementor-element elementor-element-614eecd elementor-widget elementor-widget-heading\" data-id=\"614eecd\" data-element_type=\"widget\" data-e-type=\"widget\" data-widget_type=\"heading.default\">\n\t\t\t\t<div class=\"elementor-widget-container\">\n\t\t\t\t\t<h2 class=\"elementor-heading-title elementor-size-default\">Die SWING Collections GmbH<\/h2>\t\t\t\t<\/div>\n\t\t\t\t<\/div>\n\t\t\t\t<div class=\"elementor-element elementor-element-8f5b26d elementor-widget elementor-widget-text-editor\" data-id=\"8f5b26d\" data-element_type=\"widget\" data-e-type=\"widget\" data-widget_type=\"text-editor.default\">\n\t\t\t\t<div class=\"elementor-widget-container\">\n\t\t\t\t\t\t\t\t\t<p style=\"text-align: justify;\">Seit \u00fcber 25 Jahren beliefert SWING den Markt mit festlichen Kleidern. Die Kunden k\u00f6nnen die Kollektion am Puls der Mode im Showroom in D\u00fcsseldorf sichten und ordern oder direkt am Firmensitz in Schermbeck. Dort wird sowohl die kreative Arbeit \u2013 samt eigener Mustern\u00e4herei \u2013 sowie der gesamte kaufm\u00e4nnische Bereich geleistet, angefangen vom Vertrieb, \u00fcber Wareneinkauf und Produktionsplanung bis hin zu Buchhaltung und Versand. Der urspr\u00fcngliche Fokus, der auf festlichen Kleidern lag, wurde um die Bereiche \u201eGro\u00dfe Gr\u00f6\u00dfen\u201c, Tageskleider und neuerdings um eine nachhaltige Kollektion erweitert. Die Kollektionen werden sowohl unter dem eigenen Label als auch unter dem Privat-Label der Kunden ausgeliefert. Der Kundenkreis erstreckt sich vom Facheinzelhandel \u00fcber Versender bis hin zum Internethandel. Die Fertigung erfolgt bis jetzt zu 80% in Europa. Die verbleibenden 20% sollen in den n\u00e4chsten Jahren sukzessive folgen.<\/p>\t\t\t\t\t\t\t\t<\/div>\n\t\t\t\t<\/div>\n\t\t\t\t\t<\/div>\n\t\t<\/div>\n\t\t\t\t\t<\/div>\n\t\t<\/section>\n\t\t\t\t<\/div>\n\t\t","protected":false},"excerpt":{"rendered":"<p>Unsere Aufgaben im Projekt: SWING \u00fcbernimmt neben Schumacher-Singhoff die Rolle des Anwenders. SWING m\u00f6chte nun im E-Commerce Business Fu\u00df fassen und in diesem Projekt einen Einblick in die von Schumacher im Projekt adressierten Szenarien der Omni-Channel-Prozesse erhalten. Es l\u00e4sst sich auch in der Textilbranche nicht mehr leugnen, dass der Onlinehandel f\u00fcr Bekleidung ein sehr wichtiger [&hellip;]<\/p>\n","protected":false},"author":1,"featured_media":0,"parent":481,"menu_order":1,"comment_status":"closed","ping_status":"closed","template":"","meta":{"footnotes":""},"class_list":["post-7218","page","type-page","status-publish","hentry"],"_links":{"self":[{"href":"https:\/\/bpm.dfki.de\/adjust\/wp-json\/wp\/v2\/pages\/7218","targetHints":{"allow":["GET"]}}],"collection":[{"href":"https:\/\/bpm.dfki.de\/adjust\/wp-json\/wp\/v2\/pages"}],"about":[{"href":"https:\/\/bpm.dfki.de\/adjust\/wp-json\/wp\/v2\/types\/page"}],"author":[{"embeddable":true,"href":"https:\/\/bpm.dfki.de\/adjust\/wp-json\/wp\/v2\/users\/1"}],"replies":[{"embeddable":true,"href":"https:\/\/bpm.dfki.de\/adjust\/wp-json\/wp\/v2\/comments?post=7218"}],"version-history":[{"count":17,"href":"https:\/\/bpm.dfki.de\/adjust\/wp-json\/wp\/v2\/pages\/7218\/revisions"}],"predecessor-version":[{"id":7471,"href":"https:\/\/bpm.dfki.de\/adjust\/wp-json\/wp\/v2\/pages\/7218\/revisions\/7471"}],"up":[{"embeddable":true,"href":"https:\/\/bpm.dfki.de\/adjust\/wp-json\/wp\/v2\/pages\/481"}],"wp:attachment":[{"href":"https:\/\/bpm.dfki.de\/adjust\/wp-json\/wp\/v2\/media?parent=7218"}],"curies":[{"name":"wp","href":"https:\/\/api.w.org\/{rel}","templated":true}]}}