{"id":472,"date":"2021-07-04T13:27:32","date_gmt":"2021-07-04T13:27:32","guid":{"rendered":"http:\/\/134.96.72.80\/?page_id=472"},"modified":"2022-07-13T08:33:44","modified_gmt":"2022-07-13T08:33:44","slug":"foerdergeber-und-projekttraeger","status":"publish","type":"page","link":"https:\/\/bpm.dfki.de\/adjust\/foerdergeber-und-projekttraeger\/","title":{"rendered":"F\u00f6rdergeber und Projekttr\u00e4ger"},"content":{"rendered":"\t\t<div data-elementor-type=\"wp-page\" data-elementor-id=\"472\" class=\"elementor elementor-472\">\n\t\t\t\t\t\t<section class=\"elementor-section elementor-top-section elementor-element elementor-element-d1d8df8 elementor-section-boxed elementor-section-height-default elementor-section-height-default\" data-id=\"d1d8df8\" data-element_type=\"section\" data-e-type=\"section\">\n\t\t\t\t\t\t<div class=\"elementor-container elementor-column-gap-default\">\n\t\t\t\t\t<div class=\"elementor-column elementor-col-100 elementor-top-column elementor-element elementor-element-4b29fa7\" data-id=\"4b29fa7\" data-element_type=\"column\" data-e-type=\"column\">\n\t\t\t<div class=\"elementor-widget-wrap elementor-element-populated\">\n\t\t\t\t\t\t<div class=\"elementor-element elementor-element-c494be8 elementor-widget elementor-widget-text-editor\" data-id=\"c494be8\" data-element_type=\"widget\" data-e-type=\"widget\" data-widget_type=\"text-editor.default\">\n\t\t\t\t<div class=\"elementor-widget-container\">\n\t\t\t\t\t\t\t\t\t<h1 style=\"text-align: center;\">F\u00f6rdergeber und Projekttr\u00e4ger<\/h1>\t\t\t\t\t\t\t\t<\/div>\n\t\t\t\t<\/div>\n\t\t\t\t\t<\/div>\n\t\t<\/div>\n\t\t\t\t\t<\/div>\n\t\t<\/section>\n\t\t\t\t<section class=\"elementor-section elementor-top-section elementor-element elementor-element-c3ed8cd elementor-section-boxed elementor-section-height-default elementor-section-height-default\" data-id=\"c3ed8cd\" data-element_type=\"section\" data-e-type=\"section\">\n\t\t\t\t\t\t<div class=\"elementor-container elementor-column-gap-default\">\n\t\t\t\t\t<div class=\"elementor-column elementor-col-100 elementor-top-column elementor-element elementor-element-7c7f19f\" data-id=\"7c7f19f\" data-element_type=\"column\" data-e-type=\"column\">\n\t\t\t<div class=\"elementor-widget-wrap elementor-element-populated\">\n\t\t\t\t\t\t<div class=\"elementor-element elementor-element-203e3d5 elementor-widget elementor-widget-spacer\" data-id=\"203e3d5\" data-element_type=\"widget\" data-e-type=\"widget\" data-widget_type=\"spacer.default\">\n\t\t\t\t<div class=\"elementor-widget-container\">\n\t\t\t\t\t\t\t<div class=\"elementor-spacer\">\n\t\t\t<div class=\"elementor-spacer-inner\"><\/div>\n\t\t<\/div>\n\t\t\t\t\t\t<\/div>\n\t\t\t\t<\/div>\n\t\t\t\t\t<\/div>\n\t\t<\/div>\n\t\t\t\t\t<\/div>\n\t\t<\/section>\n\t\t\t\t<section class=\"elementor-section elementor-top-section elementor-element elementor-element-7128b11 elementor-section-boxed elementor-section-height-default elementor-section-height-default\" data-id=\"7128b11\" data-element_type=\"section\" data-e-type=\"section\">\n\t\t\t\t\t\t<div class=\"elementor-container elementor-column-gap-default\">\n\t\t\t\t\t<div class=\"elementor-column elementor-col-100 elementor-top-column elementor-element elementor-element-2d3accc\" data-id=\"2d3accc\" data-element_type=\"column\" data-e-type=\"column\">\n\t\t\t<div class=\"elementor-widget-wrap elementor-element-populated\">\n\t\t\t\t\t\t<section class=\"elementor-section elementor-inner-section elementor-element elementor-element-de75569 elementor-section-boxed elementor-section-height-default elementor-section-height-default\" data-id=\"de75569\" data-element_type=\"section\" data-e-type=\"section\">\n\t\t\t\t\t\t<div class=\"elementor-container elementor-column-gap-default\">\n\t\t\t\t\t<div class=\"elementor-column elementor-col-33 elementor-inner-column elementor-element elementor-element-90b7adb\" data-id=\"90b7adb\" data-element_type=\"column\" data-e-type=\"column\">\n\t\t\t<div class=\"elementor-widget-wrap elementor-element-populated\">\n\t\t\t\t\t\t<div class=\"elementor-element elementor-element-44a3616 elementor-widget elementor-widget-image\" data-id=\"44a3616\" data-element_type=\"widget\" data-e-type=\"widget\" data-widget_type=\"image.default\">\n\t\t\t\t<div class=\"elementor-widget-container\">\n\t\t\t\t\t\t\t\t\t\t\t\t\t\t\t\t<a href=\"https:\/\/www.bmbf.de\/\" target=\"_blank\" rel=\"noopener\">\n\t\t\t\t\t\t\t<img fetchpriority=\"high\" decoding=\"async\" width=\"442\" height=\"246\" src=\"https:\/\/bpm.dfki.de\/adjust\/wp-content\/uploads\/sites\/4\/2021\/07\/bmbf-e1629981877170.png\" class=\"attachment-full size-full wp-image-476\" alt=\"bmbf Logo\" srcset=\"https:\/\/bpm.dfki.de\/adjust\/wp-content\/uploads\/sites\/4\/2021\/07\/bmbf-e1629981877170.png 442w, https:\/\/bpm.dfki.de\/adjust\/wp-content\/uploads\/sites\/4\/2021\/07\/bmbf-e1629981877170-300x167.png 300w\" sizes=\"(max-width: 442px) 100vw, 442px\" \/>\t\t\t\t\t\t\t\t<\/a>\n\t\t\t\t\t\t\t\t\t\t\t\t\t\t\t<\/div>\n\t\t\t\t<\/div>\n\t\t\t\t\t<\/div>\n\t\t<\/div>\n\t\t\t\t<div class=\"elementor-column elementor-col-66 elementor-inner-column elementor-element elementor-element-4032b4d\" data-id=\"4032b4d\" data-element_type=\"column\" data-e-type=\"column\">\n\t\t\t<div class=\"elementor-widget-wrap elementor-element-populated\">\n\t\t\t\t\t\t<div class=\"elementor-element elementor-element-2688a92 elementor-widget elementor-widget-text-editor\" data-id=\"2688a92\" data-element_type=\"widget\" data-e-type=\"widget\" data-widget_type=\"text-editor.default\">\n\t\t\t\t<div class=\"elementor-widget-container\">\n\t\t\t\t\t\t\t\t\t<p style=\"text-align: justify;\"><strong>Bundesministerium f\u00fcr Bildung und Forschung<\/strong><\/p>\n<p style=\"text-align: justify;\">Bildung ist eine Basis f\u00fcr ein ganzes Leben, Forschung er\u00f6ffnet bislang unbekannte M\u00f6glichkeiten f\u00fcr alle Lebensbereiche. Bildung und Forschung brauchen weit in die Zukunft reichende Perspektiven. Sie sind die Fundamente, auf denen unsere Zukunft entsteht. Die F\u00f6rderung von Bildung und Forschung durch das BMBF muss dieser langfristigen Sichtweise gerecht werden. Durch wissenschaftliche Beratung und die Organisation von Strategieprozessen mit Vertretern verschiedenster gesellschaftlicher Gruppen entwickelt das BMBF seine Politik mit Unterst\u00fctzung von Wissenschaft und Gesellschaft weiter.<br \/>Mehr Informationen auf <a href=\"https:\/\/www.bmbf.de\/\" data-wplink-edit=\"true\" target=\"_blank\" rel=\"noopener\"><span style=\"text-decoration: underline;\">https:\/\/www.bmbf.de\/<\/span><\/a>.<\/p>\t\t\t\t\t\t\t\t<\/div>\n\t\t\t\t<\/div>\n\t\t\t\t\t<\/div>\n\t\t<\/div>\n\t\t\t\t\t<\/div>\n\t\t<\/section>\n\t\t\t\t<div class=\"elementor-element elementor-element-6bac7bd elementor-hidden-desktop elementor-hidden-tablet elementor-hidden-mobile elementor-widget-divider--view-line elementor-widget elementor-widget-divider\" data-id=\"6bac7bd\" data-element_type=\"widget\" data-e-type=\"widget\" data-widget_type=\"divider.default\">\n\t\t\t\t<div class=\"elementor-widget-container\">\n\t\t\t\t\t\t\t<div class=\"elementor-divider\">\n\t\t\t<span class=\"elementor-divider-separator\">\n\t\t\t\t\t\t<\/span>\n\t\t<\/div>\n\t\t\t\t\t\t<\/div>\n\t\t\t\t<\/div>\n\t\t\t\t<section class=\"elementor-section elementor-inner-section elementor-element elementor-element-799128d elementor-section-boxed elementor-section-height-default elementor-section-height-default\" data-id=\"799128d\" data-element_type=\"section\" data-e-type=\"section\">\n\t\t\t\t\t\t<div class=\"elementor-container elementor-column-gap-default\">\n\t\t\t\t\t<div class=\"elementor-column elementor-col-33 elementor-inner-column elementor-element elementor-element-dfa8d9c\" data-id=\"dfa8d9c\" data-element_type=\"column\" data-e-type=\"column\">\n\t\t\t<div class=\"elementor-widget-wrap elementor-element-populated\">\n\t\t\t\t\t\t<div class=\"elementor-element elementor-element-fc1fbe9 elementor-widget elementor-widget-image\" data-id=\"fc1fbe9\" data-element_type=\"widget\" data-e-type=\"widget\" data-widget_type=\"image.default\">\n\t\t\t\t<div class=\"elementor-widget-container\">\n\t\t\t\t\t\t\t\t\t\t\t\t\t\t\t\t<a href=\"http:\/\/www.dlr.de\/pt\" target=\"_blank\" rel=\"noopener\">\n\t\t\t\t\t\t\t<img decoding=\"async\" width=\"1898\" height=\"750\" src=\"https:\/\/bpm.dfki.de\/adjust\/wp-content\/uploads\/sites\/4\/2021\/07\/DLR.png\" class=\"attachment-full size-full wp-image-479\" alt=\"DLR Logo\" srcset=\"https:\/\/bpm.dfki.de\/adjust\/wp-content\/uploads\/sites\/4\/2021\/07\/DLR.png 1898w, https:\/\/bpm.dfki.de\/adjust\/wp-content\/uploads\/sites\/4\/2021\/07\/DLR-300x119.png 300w, https:\/\/bpm.dfki.de\/adjust\/wp-content\/uploads\/sites\/4\/2021\/07\/DLR-1024x405.png 1024w, https:\/\/bpm.dfki.de\/adjust\/wp-content\/uploads\/sites\/4\/2021\/07\/DLR-768x303.png 768w, https:\/\/bpm.dfki.de\/adjust\/wp-content\/uploads\/sites\/4\/2021\/07\/DLR-1536x607.png 1536w\" sizes=\"(max-width: 1898px) 100vw, 1898px\" \/>\t\t\t\t\t\t\t\t<\/a>\n\t\t\t\t\t\t\t\t\t\t\t\t\t\t\t<\/div>\n\t\t\t\t<\/div>\n\t\t\t\t\t<\/div>\n\t\t<\/div>\n\t\t\t\t<div class=\"elementor-column elementor-col-66 elementor-inner-column elementor-element elementor-element-4199d00\" data-id=\"4199d00\" data-element_type=\"column\" data-e-type=\"column\">\n\t\t\t<div class=\"elementor-widget-wrap elementor-element-populated\">\n\t\t\t\t\t\t<div class=\"elementor-element elementor-element-7618513 elementor-widget elementor-widget-text-editor\" data-id=\"7618513\" data-element_type=\"widget\" data-e-type=\"widget\" data-widget_type=\"text-editor.default\">\n\t\t\t\t<div class=\"elementor-widget-container\">\n\t\t\t\t\t\t\t\t\t<p><strong>DLR Projekttr\u00e4ger<\/strong><\/p>\n<p style=\"text-align: justify;\"><!-- \/wp:paragraph --><!-- wp:paragraph --><\/p>\n<p style=\"text-align: justify;\">Das DLR ist das Forschungszentrum der Bundesrepublik Deutschland f\u00fcr Luft- und Raumfahrt. Seine Forschungs- und Entwicklungsarbeiten in Luftfahrt, Raumfahrt, Energie, Verkehr und Sicherheit sind in nationale und internationale Kooperationen eingebunden. Dar\u00fcber hinaus ist das DLR im Auftrag der Bundesregierung f\u00fcr die Planung und Umsetzung der deutschen Raumfahrtaktivit\u00e4ten zust\u00e4ndig. Zudem fungiert das DLR als Dachorganisation f\u00fcr den national gr\u00f6\u00dften Projekttr\u00e4ger.<br \/>Mehr Informationen auf <span style=\"text-decoration: underline;\"><a href=\"http:\/\/www.dlr.de\/pt\" target=\"_blank\" rel=\"noopener\">https:\/\/www.dlr.de\/<\/a><\/span>.<\/p>\t\t\t\t\t\t\t\t<\/div>\n\t\t\t\t<\/div>\n\t\t\t\t\t<\/div>\n\t\t<\/div>\n\t\t\t\t\t<\/div>\n\t\t<\/section>\n\t\t\t\t\t<\/div>\n\t\t<\/div>\n\t\t\t\t\t<\/div>\n\t\t<\/section>\n\t\t\t\t<\/div>\n\t\t","protected":false},"excerpt":{"rendered":"<p>F\u00f6rdergeber und Projekttr\u00e4ger Bundesministerium f\u00fcr Bildung und Forschung Bildung ist eine Basis f\u00fcr ein ganzes Leben, Forschung er\u00f6ffnet bislang unbekannte M\u00f6glichkeiten f\u00fcr alle Lebensbereiche. Bildung und Forschung brauchen weit in die Zukunft reichende Perspektiven. Sie sind die Fundamente, auf denen unsere Zukunft entsteht. Die F\u00f6rderung von Bildung und Forschung durch das BMBF muss dieser langfristigen [&hellip;]<\/p>\n","protected":false},"author":1,"featured_media":0,"parent":0,"menu_order":1,"comment_status":"closed","ping_status":"closed","template":"","meta":{"footnotes":""},"class_list":["post-472","page","type-page","status-publish","hentry"],"_links":{"self":[{"href":"https:\/\/bpm.dfki.de\/adjust\/wp-json\/wp\/v2\/pages\/472","targetHints":{"allow":["GET"]}}],"collection":[{"href":"https:\/\/bpm.dfki.de\/adjust\/wp-json\/wp\/v2\/pages"}],"about":[{"href":"https:\/\/bpm.dfki.de\/adjust\/wp-json\/wp\/v2\/types\/page"}],"author":[{"embeddable":true,"href":"https:\/\/bpm.dfki.de\/adjust\/wp-json\/wp\/v2\/users\/1"}],"replies":[{"embeddable":true,"href":"https:\/\/bpm.dfki.de\/adjust\/wp-json\/wp\/v2\/comments?post=472"}],"version-history":[{"count":10,"href":"https:\/\/bpm.dfki.de\/adjust\/wp-json\/wp\/v2\/pages\/472\/revisions"}],"predecessor-version":[{"id":7502,"href":"https:\/\/bpm.dfki.de\/adjust\/wp-json\/wp\/v2\/pages\/472\/revisions\/7502"}],"wp:attachment":[{"href":"https:\/\/bpm.dfki.de\/adjust\/wp-json\/wp\/v2\/media?parent=472"}],"curies":[{"name":"wp","href":"https:\/\/api.w.org\/{rel}","templated":true}]}}