{"id":465,"date":"2021-07-12T13:07:54","date_gmt":"2021-07-12T13:07:54","guid":{"rendered":"http:\/\/134.96.72.80\/?page_id=465"},"modified":"2022-07-13T08:33:34","modified_gmt":"2022-07-13T08:33:34","slug":"adjust","status":"publish","type":"page","link":"https:\/\/bpm.dfki.de\/adjust\/","title":{"rendered":"Home"},"content":{"rendered":"\t\t<div data-elementor-type=\"wp-page\" data-elementor-id=\"465\" class=\"elementor elementor-465\">\n\t\t\t\t\t\t<section class=\"elementor-section elementor-top-section elementor-element elementor-element-a23a247 elementor-section-boxed elementor-section-height-default elementor-section-height-default\" data-id=\"a23a247\" data-element_type=\"section\" data-e-type=\"section\">\n\t\t\t\t\t\t<div class=\"elementor-container elementor-column-gap-default\">\n\t\t\t\t\t<div class=\"elementor-column elementor-col-100 elementor-top-column elementor-element elementor-element-96d19b5\" data-id=\"96d19b5\" data-element_type=\"column\" data-e-type=\"column\">\n\t\t\t<div class=\"elementor-widget-wrap elementor-element-populated\">\n\t\t\t\t\t\t<div class=\"elementor-element elementor-element-de70fcf elementor-widget elementor-widget-image\" data-id=\"de70fcf\" data-element_type=\"widget\" data-e-type=\"widget\" data-widget_type=\"image.default\">\n\t\t\t\t<div class=\"elementor-widget-container\">\n\t\t\t\t\t\t\t\t\t\t\t\t\t\t\t<img decoding=\"async\" width=\"391\" height=\"88\" src=\"https:\/\/bpm.dfki.de\/adjust\/wp-content\/uploads\/sites\/4\/2022\/02\/AdjustLogo.png\" class=\"attachment-large size-large wp-image-7224\" alt=\"\" srcset=\"https:\/\/bpm.dfki.de\/adjust\/wp-content\/uploads\/sites\/4\/2022\/02\/AdjustLogo.png 391w, https:\/\/bpm.dfki.de\/adjust\/wp-content\/uploads\/sites\/4\/2022\/02\/AdjustLogo-300x68.png 300w\" sizes=\"(max-width: 391px) 100vw, 391px\" \/>\t\t\t\t\t\t\t\t\t\t\t\t\t\t\t<\/div>\n\t\t\t\t<\/div>\n\t\t\t\t<div class=\"elementor-element elementor-element-857ef1a elementor-widget elementor-widget-text-editor\" data-id=\"857ef1a\" data-element_type=\"widget\" data-e-type=\"widget\" data-widget_type=\"text-editor.default\">\n\t\t\t\t<div class=\"elementor-widget-container\">\n\t\t\t\t\t\t\t\t\t<h2>Automatisierung in der Konfiguration von Unternehmensinformationssytemen der Textilbranche \u00fcber Methoden der KI und Referenzmodellierung<\/h2>\t\t\t\t\t\t\t\t<\/div>\n\t\t\t\t<\/div>\n\t\t\t\t<div class=\"elementor-element elementor-element-f183087 elementor-widget elementor-widget-text-editor\" data-id=\"f183087\" data-element_type=\"widget\" data-e-type=\"widget\" data-widget_type=\"text-editor.default\">\n\t\t\t\t<div class=\"elementor-widget-container\">\n\t\t\t\t\t\t\t\t\t<ul class=\"has-large-font-size\"><li style=\"text-align: justify;\">F\u00f6rderkennzeichen: <span class=\"TextRun SCXW9860571 BCX0\" lang=\"DE-DE\" xml:lang=\"DE-DE\" data-contrast=\"auto\"><span class=\"NormalTextRun SCXW9860571 BCX0\">01IS20040D<\/span><\/span><\/li><li style=\"text-align: justify;\">Laufzeit: <span class=\"TextRun SCXW237141358 BCX0\" lang=\"DE-DE\" xml:lang=\"DE-DE\" data-contrast=\"auto\"><span class=\"NormalTextRun SCXW237141358 BCX0\">01.09.2020 \u2013 31.08.2022<\/span><\/span><\/li><li style=\"text-align: justify;\">Gesamtf\u00f6rdersumme: 1.487.500\u20ac<\/li><\/ul>\t\t\t\t\t\t\t\t<\/div>\n\t\t\t\t<\/div>\n\t\t\t\t<div class=\"elementor-element elementor-element-c2474ed elementor-widget elementor-widget-text-editor\" data-id=\"c2474ed\" data-element_type=\"widget\" data-e-type=\"widget\" data-widget_type=\"text-editor.default\">\n\t\t\t\t<div class=\"elementor-widget-container\">\n\t\t\t\t\t\t\t\t\t<p style=\"text-align: justify;\"><span class=\"TextRun SCXW263922676 BCX0\" lang=\"DE-DE\" xml:lang=\"DE-DE\" data-contrast=\"auto\"><span class=\"NormalTextRun SCXW263922676 BCX0\">Unternehmen der Textilbranche stehen im Zuge der Digitalisierung und Globalisierung vor der Herausforderung, ihre Prozesse zu professionalisieren. Dies betrifft die Kernprozesse in Verwaltung und Produktion genauso wie beispielsweise die Prozesse im Vertrieb. Da insbesondere kleinere Unternehmen nur \u00fcber geringe Budgets verf\u00fcgen, scheiden Individualentwicklungen genauso wie die Anpassung teurer Standardsoftware in der Regel aus. F\u00fcr die Erf\u00fcllung dieser speziellen Anforderungen werden im geschilderten Projektvorhaben innovative Techniken der Prozessanalyse und der k\u00fcnstlichen Intelligenz genutzt, um Unternehmen einen m\u00f6glichst ressourceneffizienten Einsatz von Software-L\u00f6sungen zur Prozessabwicklung zu erm\u00f6glichen. Die aus der Systemnutzung generierten Ausf\u00fchrungsdaten werden verwendet, um seitens des Systembetreibers sukzessive induktiv Referenzmodelle f\u00fcr die Textilbranche zu entwickeln, von denen dann weitere Unternehmen profitieren k\u00f6nnen. Gleichzeitig werden KI-Techniken eingesetzt, um ein automatisiertes, intelligentes Customizing des Systems f\u00fcr Neukunden zu erm\u00f6glichen. Ziel ist es, Unternehmen ein einfach einzusetzendes ERP-System zur Verf\u00fcgung zu stellen. Durch die Bereitstellung (anonymisierter) Nutzungsdaten k\u00f6nnen Best Practices branchenintern verbreitet werden und so nicht prim\u00e4r wertsch\u00f6pfende Prozesse kosteng\u00fcnstig digitalisiert werden.<\/span><\/span><span class=\"EOP SCXW263922676 BCX0\" data-ccp-props=\"{&quot;201341983&quot;:0,&quot;335559740&quot;:259}\">\u00a0<\/span><\/p>\t\t\t\t\t\t\t\t<\/div>\n\t\t\t\t<\/div>\n\t\t\t\t<div class=\"elementor-element elementor-element-eb2a57d elementor-widget elementor-widget-text-editor\" data-id=\"eb2a57d\" data-element_type=\"widget\" data-e-type=\"widget\" data-widget_type=\"text-editor.default\">\n\t\t\t\t<div class=\"elementor-widget-container\">\n\t\t\t\t\t\t\t\t\t<h2><a href=\"https:\/\/bpm.dfki.de\/kosmox\/aktuelles\/\">Aktuelles<\/a><\/h2>\t\t\t\t\t\t\t\t<\/div>\n\t\t\t\t<\/div>\n\t\t\t\t<div class=\"elementor-element elementor-element-c5980e1 elementor-grid-4 elementor-grid-tablet-2 elementor-grid-mobile-1 elementor-widget elementor-widget-elementor-blog-posts\" data-id=\"c5980e1\" data-element_type=\"widget\" data-e-type=\"widget\" data-settings=\"{&quot;columns&quot;:&quot;4&quot;,&quot;columns_tablet&quot;:&quot;2&quot;,&quot;columns_mobile&quot;:&quot;1&quot;}\" data-widget_type=\"elementor-blog-posts.default\">\n\t\t\t\t<div class=\"elementor-widget-container\">\n\t\t\t\t\t\t\t<div class=\"wpcap-grid\">\n\t\t\t\t\t\t<div class=\"wpcap-grid-container elementor-grid wpcap-grid-desktop-4 wpcap-grid-tablet-2 wpcap-grid-mobile-1\">\n\n\t\t\t\t\n        <article id=\"post-7006\" class=\"wpcap-post post-7006 post type-post status-publish format-standard hentry category-uncategorized\">\n         \n            <div class=\"post-grid-inner\">\n            \t\n            \t\n                <div class=\"post-grid-text-wrap\">\n               \t\t\t\t<h3 class=\"title\">\n\t\t\t<a href=\"https:\/\/bpm.dfki.de\/adjust\/2021\/12\/09\/digitalisierung-in-der-bekleidungsindustrie-forschungsprojekt-adjust-gestartet\/\">DIGITALISIERUNG IN DER BEKLEIDUNGSINDUSTRIE \u2013 FORSCHUNGSPROJEKT ADJUST GESTARTET \u00a0<\/a>\n\t\t<\/h3>\n\t\t\t                \t\t<div class=\"post-grid-meta\">\n\t\t\t\n\t\t\t\t<span class=\"post-date\"><time datetime=\"2021-12-09T10:31:33+00:00\">Dezember 9, 2021<\/time><\/span>\n\n\t\t\t\t\t\t<\/div>\n\t\t\t                \t\t<div class=\"post-grid-excerpt\">\n\t\t\t<p>DIGITALISIERUNG IN DER BEKLEIDUNGSINDUSTRIE \u2013 FORSCHUNGSPROJEKT ADJUST GESTARTET \u00a0 Unternehmen der Textilbranche stehen im&hellip;<\/p>\n\t\t<\/div>\n\t\t\t                \t\t<a class=\"read-more-btn\" href=\"https:\/\/bpm.dfki.de\/adjust\/2021\/12\/09\/digitalisierung-in-der-bekleidungsindustrie-forschungsprojekt-adjust-gestartet\/\">Mehr dazu<\/a>\n\t\t                <\/div>\n\n            <\/div><!-- .blog-inner -->\n           \n        <\/article>\n\n        \n\t\t\t<\/div>\n\t\t<\/div>\n\t\t\t\t\t\t<\/div>\n\t\t\t\t<\/div>\n\t\t\t\t\t<\/div>\n\t\t<\/div>\n\t\t\t\t\t<\/div>\n\t\t<\/section>\n\t\t\t\t<\/div>\n\t\t","protected":false},"excerpt":{"rendered":"<p>Automatisierung in der Konfiguration von Unternehmensinformationssytemen der Textilbranche \u00fcber Methoden der KI und Referenzmodellierung F\u00f6rderkennzeichen: 01IS20040D Laufzeit: 01.09.2020 \u2013 31.08.2022 Gesamtf\u00f6rdersumme: 1.487.500\u20ac Unternehmen der Textilbranche stehen im Zuge der Digitalisierung und Globalisierung vor der Herausforderung, ihre Prozesse zu professionalisieren. Dies betrifft die Kernprozesse in Verwaltung und Produktion genauso wie beispielsweise die Prozesse im Vertrieb. Da [&hellip;]<\/p>\n","protected":false},"author":1,"featured_media":0,"parent":0,"menu_order":0,"comment_status":"closed","ping_status":"closed","template":"","meta":{"footnotes":""},"class_list":["post-465","page","type-page","status-publish","hentry"],"_links":{"self":[{"href":"https:\/\/bpm.dfki.de\/adjust\/wp-json\/wp\/v2\/pages\/465","targetHints":{"allow":["GET"]}}],"collection":[{"href":"https:\/\/bpm.dfki.de\/adjust\/wp-json\/wp\/v2\/pages"}],"about":[{"href":"https:\/\/bpm.dfki.de\/adjust\/wp-json\/wp\/v2\/types\/page"}],"author":[{"embeddable":true,"href":"https:\/\/bpm.dfki.de\/adjust\/wp-json\/wp\/v2\/users\/1"}],"replies":[{"embeddable":true,"href":"https:\/\/bpm.dfki.de\/adjust\/wp-json\/wp\/v2\/comments?post=465"}],"version-history":[{"count":26,"href":"https:\/\/bpm.dfki.de\/adjust\/wp-json\/wp\/v2\/pages\/465\/revisions"}],"predecessor-version":[{"id":7561,"href":"https:\/\/bpm.dfki.de\/adjust\/wp-json\/wp\/v2\/pages\/465\/revisions\/7561"}],"wp:attachment":[{"href":"https:\/\/bpm.dfki.de\/adjust\/wp-json\/wp\/v2\/media?parent=465"}],"curies":[{"name":"wp","href":"https:\/\/api.w.org\/{rel}","templated":true}]}}