{"id":1198,"date":"2021-07-29T06:42:45","date_gmt":"2021-07-29T06:42:45","guid":{"rendered":"http:\/\/134.96.72.80\/?page_id=1198"},"modified":"2022-07-13T08:34:11","modified_gmt":"2022-07-13T08:34:11","slug":"intex","status":"publish","type":"page","link":"https:\/\/bpm.dfki.de\/adjust\/konsortium\/intex\/","title":{"rendered":"Konsortium:INTEX"},"content":{"rendered":"\t\t<div data-elementor-type=\"wp-page\" data-elementor-id=\"1198\" class=\"elementor elementor-1198\">\n\t\t\t\t\t\t<section class=\"elementor-section elementor-top-section elementor-element elementor-element-5eb0b10 elementor-section-boxed elementor-section-height-default elementor-section-height-default\" data-id=\"5eb0b10\" data-element_type=\"section\" data-e-type=\"section\">\n\t\t\t\t\t\t<div class=\"elementor-container elementor-column-gap-default\">\n\t\t\t\t\t<div class=\"elementor-column elementor-col-100 elementor-top-column elementor-element elementor-element-244ad4a\" data-id=\"244ad4a\" data-element_type=\"column\" data-e-type=\"column\">\n\t\t\t<div class=\"elementor-widget-wrap elementor-element-populated\">\n\t\t\t\t\t\t<div class=\"elementor-element elementor-element-4a4bef8 elementor-widget elementor-widget-image\" data-id=\"4a4bef8\" data-element_type=\"widget\" data-e-type=\"widget\" data-widget_type=\"image.default\">\n\t\t\t\t<div class=\"elementor-widget-container\">\n\t\t\t\t\t\t\t\t\t\t\t\t\t\t\t\t<a href=\"https:\/\/www.intex.de\" target=\"_blank\" rel=\"noopener\">\n\t\t\t\t\t\t\t<img decoding=\"async\" width=\"249\" height=\"101\" src=\"https:\/\/bpm.dfki.de\/adjust\/wp-content\/uploads\/sites\/4\/2022\/02\/Intex.png\" class=\"attachment-medium size-medium wp-image-7390\" alt=\"\" \/>\t\t\t\t\t\t\t\t<\/a>\n\t\t\t\t\t\t\t\t\t\t\t\t\t\t\t<\/div>\n\t\t\t\t<\/div>\n\t\t\t\t<div class=\"elementor-element elementor-element-dd514b5 elementor-widget elementor-widget-spacer\" data-id=\"dd514b5\" data-element_type=\"widget\" data-e-type=\"widget\" data-widget_type=\"spacer.default\">\n\t\t\t\t<div class=\"elementor-widget-container\">\n\t\t\t\t\t\t\t<div class=\"elementor-spacer\">\n\t\t\t<div class=\"elementor-spacer-inner\"><\/div>\n\t\t<\/div>\n\t\t\t\t\t\t<\/div>\n\t\t\t\t<\/div>\n\t\t\t\t<div class=\"elementor-element elementor-element-9fbd018 elementor-widget elementor-widget-heading\" data-id=\"9fbd018\" data-element_type=\"widget\" data-e-type=\"widget\" data-widget_type=\"heading.default\">\n\t\t\t\t<div class=\"elementor-widget-container\">\n\t\t\t\t\t<h2 class=\"elementor-heading-title elementor-size-default\">Unsere Aufgaben im Projekt:<\/h2>\t\t\t\t<\/div>\n\t\t\t\t<\/div>\n\t\t\t\t<div class=\"elementor-element elementor-element-2febe61 elementor-widget elementor-widget-text-editor\" data-id=\"2febe61\" data-element_type=\"widget\" data-e-type=\"widget\" data-widget_type=\"text-editor.default\">\n\t\t\t\t<div class=\"elementor-widget-container\">\n\t\t\t\t\t\t\t\t\t<p style=\"text-align: justify;\">INTEX \u00fcbernimmt in diesem Projekt die Rolle des Entwicklungspartners f\u00fcr die Plattform. Die Zielsetzung, eine automatische Konfiguration der ERP-L\u00f6sung mittels Process Mining und unter Einsatz von KI-Technologien zu entwickeln, f\u00fchrt zu einer deutlichen Vereinfachung von ERP-Einf\u00fchrungsprojekten. Das wirtschaftliche Risiko wird damit f\u00fcr alle Partner minimiert und die Dauer der Einf\u00fchrung neuer Prozesse erheblich beschleunigt.<\/p><p style=\"text-align: justify;\">Im Folgenden wird kurz die bereits existierende L\u00f6sung gegen\u00fcbergestellt. Aktuell erfolgt nach der Entscheidung des Kaufs durch ein Textil-Unternehmen der INTEX-L\u00f6sung, eine Installation im Best Practice-Standard von INTEX. Darunter wird ein grundlegender funktionaler Standardprozess in den Bereichen Stammdaten, Produktion, Logistik, Faktura und Retouren verstanden. Im Anschluss wird dem Unternehmen eine Excel-Tabelle zur Verf\u00fcgung gestellt, in der das Textil-Unternehmen der Firma INTEX Fragen zu den bereits aufgez\u00e4hlten Prozessbereichen beantwortet. Diese Tabelle dient dann als Basis f\u00fcr die Projektleitung zur manuellen Konfiguration und Einf\u00fchrung des Systems. Danach finden zu jedem Prozessbereich Workshops statt, wo zusammen mit dem Textil-Unternehmen die Prozesse im Detail besprochen werden. Wurden zur bereits bestehenden Konfiguration noch Abweichungen festgestellt, erfolgt nach den Workshops eine Nachkonfiguration oder Anpassung der\/Prozesses durch die Projektleitung. Parallel zu jedem Workshop erfolgt die Datenerfassung im jeweiligen Prozessbereich durch die Mitarbeiter des Unternehmens.<\/p><p style=\"text-align: justify;\">Mit der zuk\u00fcnftigen Plattform bietet INTEX die M\u00f6glichkeit, neben den Partnern, die direkt in diesem Forschungsprojekt zusammenarbeiten, weitere Unternehmen an der Erprobung der neuen Technologien zu beteiligen. Somit werden die erfassten Prozesse durch eine gro\u00dfe Menge weiterer unterschiedlicher Unternehmen der Branche verifiziert. Best\u00e4tigt sich die Vorgehensweise im Forschungsprojekt und erweisen sich die KI-Ans\u00e4tze als praktikabel, bietet sich die Perspektive, aus diesen Ans\u00e4tzen Standardl\u00f6sungen zu entwickeln, die eine automatisierte Konfiguration von Systemen auch \u00fcber das ERP-System hinaus erm\u00f6glichen. E-Commerce-Projekte wie das Onboarding auf B2C-Marktpl\u00e4tzen, Einrichtung von B2B-Portalen um die Kommunikation zwischen H\u00e4ndlern und Bekleidungsunternehmen zu vereinfachen aber auch die Zulieferer und die Marken zu verbinden sind Beispiele f\u00fcr weitere Prozesse.<\/p>\t\t\t\t\t\t\t\t<\/div>\n\t\t\t\t<\/div>\n\t\t\t\t<div class=\"elementor-element elementor-element-54c3461 elementor-widget elementor-widget-heading\" data-id=\"54c3461\" data-element_type=\"widget\" data-e-type=\"widget\" data-widget_type=\"heading.default\">\n\t\t\t\t<div class=\"elementor-widget-container\">\n\t\t\t\t\t<h2 class=\"elementor-heading-title elementor-size-default\">Die INTEX EDV-Software GmbH<\/h2>\t\t\t\t<\/div>\n\t\t\t\t<\/div>\n\t\t\t\t<div class=\"elementor-element elementor-element-9180632 elementor-widget elementor-widget-text-editor\" data-id=\"9180632\" data-element_type=\"widget\" data-e-type=\"widget\" data-widget_type=\"text-editor.default\">\n\t\t\t\t<div class=\"elementor-widget-container\">\n\t\t\t\t\t\t\t\t\t<p style=\"text-align: justify;\">Seit der Gr\u00fcndung 1989 entwickelt die INTEX EDV-Software GmbH als familiengef\u00fchrtes Unternehmen ausschlie\u00dflich L\u00f6sungen f\u00fcr Fashion-Kunden. Das Softwareangebot unterst\u00fctzt entlang der globalen Supply Chain alle Bereiche \u201cfrom Sheep to Shop\u201d: Die branchenspezifische Kompetenz als Resultat der Spezialisierung auf eine Branche f\u00fchrt zu durchg\u00e4ngigen L\u00f6sungen entlang der globalen Wertsch\u00f6pfungskette. Mit mehr als 100 festangestellten Mitarbeitern an drei Standorten und zurzeit 200 Kunden in allen Sparten des Fashion Business ist INTEX einer der gr\u00f6\u00dften deutschen Anbieter von ERP-Software f\u00fcr die Textilindustrie. Im Mittelpunkt des Produktportfolios steht das ERP- System, das sowohl f\u00fcr kleine KMU\u2019 s als auch f\u00fcr gro\u00dfe Unternehmen der Branche angeboten wird. Zu den Kunden von INTEX geh\u00f6ren z.B. Gerry Weber, Marc O\u2019Polo, Digel, Roy Robson, Alberto, Etienne Aigner, Haix, Casa Moda, Bogner, Odlo und viele weitere. INTEX ist seit 30 Jahren einer der f\u00fchrenden ERP- und PLM-Anbieter mit klarem Branchenfokus und tiefem Prozessverst\u00e4ndnis. Ende 2016 l\u00f6ste die neue internet- und cloudbasierte Applikation das Vorg\u00e4ngersystem ab. Dabei handelt es sich um eine v\u00f6llig neuartige hoch-performante und moderne L\u00f6sung, die die textile Lieferkette durchg\u00e4ngig abbildet. Besonderen Wert wurde auf die Benutzerfreundlichkeit gelegt, welche die User anhand von Best-Practice-L\u00f6sungen und Use Cases durch das System f\u00fchrt.<\/p>\t\t\t\t\t\t\t\t<\/div>\n\t\t\t\t<\/div>\n\t\t\t\t\t<\/div>\n\t\t<\/div>\n\t\t\t\t\t<\/div>\n\t\t<\/section>\n\t\t\t\t<\/div>\n\t\t","protected":false},"excerpt":{"rendered":"<p>Unsere Aufgaben im Projekt: INTEX \u00fcbernimmt in diesem Projekt die Rolle des Entwicklungspartners f\u00fcr die Plattform. Die Zielsetzung, eine automatische Konfiguration der ERP-L\u00f6sung mittels Process Mining und unter Einsatz von KI-Technologien zu entwickeln, f\u00fchrt zu einer deutlichen Vereinfachung von ERP-Einf\u00fchrungsprojekten. Das wirtschaftliche Risiko wird damit f\u00fcr alle Partner minimiert und die Dauer der Einf\u00fchrung neuer [&hellip;]<\/p>\n","protected":false},"author":1,"featured_media":0,"parent":481,"menu_order":1,"comment_status":"closed","ping_status":"closed","template":"","meta":{"footnotes":""},"class_list":["post-1198","page","type-page","status-publish","hentry"],"_links":{"self":[{"href":"https:\/\/bpm.dfki.de\/adjust\/wp-json\/wp\/v2\/pages\/1198","targetHints":{"allow":["GET"]}}],"collection":[{"href":"https:\/\/bpm.dfki.de\/adjust\/wp-json\/wp\/v2\/pages"}],"about":[{"href":"https:\/\/bpm.dfki.de\/adjust\/wp-json\/wp\/v2\/types\/page"}],"author":[{"embeddable":true,"href":"https:\/\/bpm.dfki.de\/adjust\/wp-json\/wp\/v2\/users\/1"}],"replies":[{"embeddable":true,"href":"https:\/\/bpm.dfki.de\/adjust\/wp-json\/wp\/v2\/comments?post=1198"}],"version-history":[{"count":17,"href":"https:\/\/bpm.dfki.de\/adjust\/wp-json\/wp\/v2\/pages\/1198\/revisions"}],"predecessor-version":[{"id":7456,"href":"https:\/\/bpm.dfki.de\/adjust\/wp-json\/wp\/v2\/pages\/1198\/revisions\/7456"}],"up":[{"embeddable":true,"href":"https:\/\/bpm.dfki.de\/adjust\/wp-json\/wp\/v2\/pages\/481"}],"wp:attachment":[{"href":"https:\/\/bpm.dfki.de\/adjust\/wp-json\/wp\/v2\/media?parent=1198"}],"curies":[{"name":"wp","href":"https:\/\/api.w.org\/{rel}","templated":true}]}}